{"id":527,"date":"2018-12-17T11:41:38","date_gmt":"2018-12-17T11:41:38","guid":{"rendered":"https:\/\/parkingleiden.com\/?page_id=527"},"modified":"2018-12-17T14:21:45","modified_gmt":"2018-12-17T14:21:45","slug":"going-out-in-leiden","status":"publish","type":"page","link":"https:\/\/parkingleiden.com\/nl\/going-out-in-leiden\/","title":{"rendered":"GOING OUT IN LEIDEN"},"content":{"rendered":"<p>[et_pb_section fb_built=&#8221;1&#8243; admin_label=&#8221;Service Details&#8221; _builder_version=&#8221;3.17.6&#8243; use_background_color_gradient=&#8221;on&#8221; background_color_gradient_start=&#8221;#ffffff&#8221; background_color_gradient_end=&#8221;#f1f5f9&#8243; background_image=&#8221;https:\/\/parkingleiden.com\/wp-content\/uploads\/2018\/12\/night.png&#8221; parallax=&#8221;on&#8221; parallax_method=&#8221;off&#8221; locked=&#8221;off&#8221;][et_pb_row custom_padding=&#8221;0|0px|0|0px|false|false&#8221; _builder_version=&#8221;3.17.6&#8243;][et_pb_column type=&#8221;4_4&#8243; _builder_version=&#8221;3.0.47&#8243; parallax=&#8221;off&#8221; parallax_method=&#8221;on&#8221;][et_pb_divider show_divider=&#8221;off&#8221; _builder_version=&#8221;3.17.6&#8243;][\/et_pb_divider][\/et_pb_column][\/et_pb_row][et_pb_row custom_padding=&#8221;5%|5%|5%|5%|true|true&#8221; _builder_version=&#8221;3.17.6&#8243; background_color=&#8221;#ffffff&#8221; border_color_all=&#8221;rgba(0,0,0,0.1)&#8221; border_width_top=&#8221;1px&#8221; locked=&#8221;off&#8221;][et_pb_column type=&#8221;4_4&#8243; _builder_version=&#8221;3.0.47&#8243; parallax=&#8221;off&#8221; parallax_method=&#8221;on&#8221;][et_pb_text _builder_version=&#8221;3.17.6&#8243; text_font=&#8221;Montserrat|700|||||||&#8221; text_text_color=&#8221;#ff5b0c&#8221; text_font_size=&#8221;20px&#8221; text_font_size_phone=&#8221;28px&#8221; text_font_size_last_edited=&#8221;off|desktop&#8221; text_line_height=&#8221;1.8em&#8221; ul_font=&#8221;||||||||&#8221; ol_font=&#8221;||||||||&#8221; header_font=&#8221;||||||||&#8221; header_2_font=&#8221;||||||||&#8221; header_3_font=&#8221;||||||||&#8221; header_4_font=&#8221;||||||||&#8221; header_5_font=&#8221;||||||||&#8221; header_6_font=&#8221;||||||||&#8221; custom_margin=&#8221;|||&#8221; locked=&#8221;off&#8221;]<\/p>\n<h2 style=\"text-align: left;\"><\/h2>\n<h2 style=\"text-align: left;\"><strong>UITGAAN IN LEIDEN<\/strong><\/h2>\n<p>[\/et_pb_text][et_pb_text _builder_version=&#8221;3.17.6&#8243; text_font=&#8221;||||||||&#8221; text_font_size=&#8221;16px&#8221; header_font=&#8221;||||||||&#8221;]<\/p>\n<p><span>Leiden is een studentenstad en dat betekent volop horecagelegenheden waar u kunt drinken en dansen. De volgende caf\u00e9s, terrassen en clubs moet u in gedachten houden als u een avond uit wilt gaan in\u00a0<\/span>Leiden<span>.<\/span><\/p>\n<p>[\/et_pb_text][et_pb_image src=&#8221;https:\/\/parkingleiden.com\/wp-content\/uploads\/2018\/12\/out.jpg&#8221; force_fullwidth=&#8221;on&#8221; _builder_version=&#8221;3.17.6&#8243;][\/et_pb_image][et_pb_text _builder_version=&#8221;3.17.6&#8243; text_font=&#8221;||||||||&#8221; text_font_size=&#8221;16px&#8221; text_line_height=&#8221;2em&#8221; link_font=&#8221;||||||||&#8221; link_text_color=&#8221;#ff5b0c&#8221; header_font=&#8221;||||||||&#8221; header_2_font=&#8221;Montserrat|700|||||||&#8221; header_2_font_size=&#8221;36px&#8221; header_2_font_size_tablet=&#8221;26px&#8221; header_2_font_size_phone=&#8221;20px&#8221; header_2_font_size_last_edited=&#8221;on|phone&#8221; header_2_line_height=&#8221;1.4em&#8221; header_4_font=&#8221;Montserrat||||||||&#8221; header_4_font_size=&#8221;16px&#8221; max_width=&#8221;700px&#8221; custom_margin=&#8221;14px||-23px|8px&#8221; custom_padding=&#8221;||23px&#8221; locked=&#8221;off&#8221;]<\/p>\n<p><strong>Caf\u00e9s<\/strong><\/p>\n<p><strong>Caf\u00e9 Einstein<\/strong><\/p>\n<p>Vernoemd naar de bekende hoogleraar van de Universiteit Leiden biedt het caf\u00e9 overdag een terrasboot in de zon en \u2019s avonds een bruisend caf\u00e9. U kunt hier ook terecht voor een lunch of diner.<\/p>\n<p>Adres: Nieuwe Rijn 19<\/p>\n<p><strong>De Uyl van Hoogland<\/strong><\/p>\n<p>Naast de<span>\u00a0<\/span>Hooglandse Kerk<a href=\"https:\/\/www.holland.com\/be_nl\/toerisme\/bestemmingen\/meer-steden\/leiden\/hooglandse-kerk.htm\" class=\"navigation\" title=\"Hooglandse Kerk\"><\/a><span>\u00a0<\/span>ligt \u2018de uil\u2019. De bar bestaat uit oude kloosterdelen en het interieur is opgeleukt met \u2013 hoe kan het ook anders \u2013 heel veel uiltjes.<\/p>\n<p>Adres: Nieuwstraat 28<\/p>\n<p><strong>Caf\u00e9 Olivier<\/strong><\/p>\n<p>Een gezellig Belgisch biercaf\u00e9 is gevestigd in het voormalige ziekenhuis aan de Hooigracht. Naast heerlijke gerechten organiseert het caf\u00e9 met regelmaat een pub quiz, dansavonden en live optredens.<\/p>\n<p>Adres: Hooigracht 23<\/p>\n<p><strong>North End<\/strong><\/p>\n<p>Een tiental bieren van de tap en meer dan tweehonderd whisky in een typisch Engels sfeertje.<\/p>\n<p>Adres: Noordeinde 55<\/p>\n<p><strong>Barrera<\/strong><\/p>\n<p>Het bekendste studentencaf\u00e9 van de stad is Barrera. Naast studenten komen hier ook veel Leidenaren en dagjesmensen om te eten en te drinken. In de zomer hebben ze een klein maar aangenaam terras in de zon.<\/p>\n<p>Adres: Rapenburg 56<\/p>\n<p><strong>De Kroeg<\/strong><\/p>\n<p>De naam van dit caf\u00e9 wind er geen doekjes om. De Kroeg is een kroeg met muziek, bier en wijn.<\/p>\n<p>Adres: Kort Rapenburg 4<\/p>\n<p><strong>Caf\u00e9 Roebels<\/strong><\/p>\n<p>In dit gezellige studentencaf\u00e9 hangt een gemoedelijk sfeertje en zitten studenten vaak tot een uurtje of twee aan de bar te kletsen.<\/p>\n<p>Adres: Choorsteeg 24<\/p>\n<p><strong>Odessa<\/strong><\/p>\n<p>Er hangt een alternatief sfeertje in Odessa, maar het is er nooit stil. Vooral buitenlandse studenten komen hier graag en op vrijdagavond bepalen de vrouwelijke bezoekers welke muziek er wordt gedraaid.<\/p>\n<p>Adres: Hogewoerd 18<\/p>\n<p><strong>Terrassen<\/strong><\/p>\n<p><strong>City Hall<\/strong><\/p>\n<p>Achter het stadhuis aan de Breestraat ligt een uitgestrekt plein waar City Hall dankbaar gebruik van maakt.<\/p>\n<p>Adres: Stadhuisplein 3<\/p>\n<p><strong>Terrasboten<\/strong><\/p>\n<p>Langs de Nieuwe Rijn liggen meerdere boten, die dienen als terras. Hier kunt u uren in de zon zitten kijken naar de boten en mensen die voorbij komen.<\/p>\n<p>Adres: Nieuwe Rijn<\/p>\n<p><strong>Brasserie De Poort<\/strong><\/p>\n<p>Een heerlijke plek om te lunchen, dineren en te borrelen. De bootjes varen langs terwijl u met een goed glas in de zon zit met de monumentale stadspoort op de achtergrond.<\/p>\n<p>Adres: Haven 100<\/p>\n<p><strong>Annie\u2019s<\/strong><\/p>\n<p>Het terras van Annie\u2019s ligt op het water waar de Nieuwe Rijn en de Oude Rijn samenkomen. In de zomer kijkt u uw ogen uit wanneer hier honderden boten en sloepen voorbij drijven.<\/p>\n<p>Adres: Hoogstraat 1a<\/p>\n<p><strong>Van der Werff<\/strong><\/p>\n<p>Vanaf het station loop je in een rechte lijn Leiden in en passeer je aan je linkerhand stadscaf\u00e9 Van der Werff. U kunt hier terecht voor een lunch, diner of borrel en bij mooi weer zit u hier heerlijk op het terras.<\/p>\n<p>Adres: Steenstraat 2<\/p>\n<p><strong>Clubs<\/strong><\/p>\n<p><strong>NEXT Leiden<\/strong><\/p>\n<p>Voetjes van de vloer! In deze studentendiscotheek kunt u tot de vroege ochtend dansen.<\/p>\n<p>Adres: Langebrug 6<\/p>\n<p><strong>Danssalon in Casa<\/strong><\/p>\n<p>Staat vooral bekend voor de regelmatig wisselende themafeesten.<\/p>\n<p>Adres: Lammermarkt 100<\/p>\n<p>&nbsp;<\/p>\n<p>[\/et_pb_text][et_pb_text _builder_version=&#8221;3.17.6&#8243; text_font=&#8221;Montserrat|700|||||||&#8221; text_text_color=&#8221;#ff5b0c&#8221; text_font_size=&#8221;20px&#8221; text_font_size_phone=&#8221;28px&#8221; text_font_size_last_edited=&#8221;off|desktop&#8221; text_line_height=&#8221;1.8em&#8221; ul_font=&#8221;||||||||&#8221; ol_font=&#8221;||||||||&#8221; header_font=&#8221;||||||||&#8221; header_2_font=&#8221;||||||||&#8221; header_3_font=&#8221;||||||||&#8221; header_4_font=&#8221;||||||||&#8221; header_5_font=&#8221;||||||||&#8221; header_6_font=&#8221;||||||||&#8221; custom_margin=&#8221;|||&#8221; locked=&#8221;off&#8221;][\/et_pb_text][\/et_pb_column][\/et_pb_row][\/et_pb_section]<\/p>\n","protected":false},"excerpt":{"rendered":"<p>UITGAAN IN LEIDEN Leiden is een studentenstad en dat betekent volop horecagelegenheden waar u kunt drinken en dansen. De volgende caf\u00e9s, terrassen en clubs moet u in gedachten houden als u een avond uit wilt gaan in\u00a0Leiden. Caf\u00e9s Caf\u00e9 Einstein Vernoemd naar de bekende hoogleraar van de Universiteit Leiden biedt het caf\u00e9 overdag een terrasboot [&hellip;]<\/p>\n","protected":false},"author":1,"featured_media":0,"parent":0,"menu_order":0,"comment_status":"closed","ping_status":"closed","template":"","meta":{"_et_pb_use_builder":"on","_et_pb_old_content":"","_et_gb_content_width":"","_monsterinsights_skip_tracking":false,"_monsterinsights_sitenote_active":false,"_monsterinsights_sitenote_note":"","_monsterinsights_sitenote_category":0,"footnotes":""},"class_list":["post-527","page","type-page","status-publish","hentry"],"_links":{"self":[{"href":"https:\/\/parkingleiden.com\/nl\/wp-json\/wp\/v2\/pages\/527","targetHints":{"allow":["GET"]}}],"collection":[{"href":"https:\/\/parkingleiden.com\/nl\/wp-json\/wp\/v2\/pages"}],"about":[{"href":"https:\/\/parkingleiden.com\/nl\/wp-json\/wp\/v2\/types\/page"}],"author":[{"embeddable":true,"href":"https:\/\/parkingleiden.com\/nl\/wp-json\/wp\/v2\/users\/1"}],"replies":[{"embeddable":true,"href":"https:\/\/parkingleiden.com\/nl\/wp-json\/wp\/v2\/comments?post=527"}],"version-history":[{"count":3,"href":"https:\/\/parkingleiden.com\/nl\/wp-json\/wp\/v2\/pages\/527\/revisions"}],"predecessor-version":[{"id":598,"href":"https:\/\/parkingleiden.com\/nl\/wp-json\/wp\/v2\/pages\/527\/revisions\/598"}],"wp:attachment":[{"href":"https:\/\/parkingleiden.com\/nl\/wp-json\/wp\/v2\/media?parent=527"}],"curies":[{"name":"wp","href":"https:\/\/api.w.org\/{rel}","templated":true}]}}