{"id":712,"date":"2019-05-06T08:15:37","date_gmt":"2019-05-06T08:15:37","guid":{"rendered":"https:\/\/parkingleiden.com\/?page_id=712"},"modified":"2019-05-06T08:15:38","modified_gmt":"2019-05-06T08:15:38","slug":"going-out-in-leiden","status":"publish","type":"page","link":"https:\/\/parkingleiden.com\/it\/going-out-in-leiden\/","title":{"rendered":"GOING OUT IN LEIDEN"},"content":{"rendered":"<p>[et_pb_section fb_built=&#8221;1&#8243; admin_label=&#8221;Service Details&#8221; _builder_version=&#8221;3.17.6&#8243; use_background_color_gradient=&#8221;on&#8221; background_color_gradient_start=&#8221;#ffffff&#8221; background_color_gradient_end=&#8221;#f1f5f9&#8243; background_image=&#8221;https:\/\/parkingleiden.com\/wp-content\/uploads\/2018\/12\/night.png&#8221; parallax=&#8221;on&#8221; parallax_method=&#8221;off&#8221; locked=&#8221;off&#8221;][et_pb_row custom_padding=&#8221;0|0px|0|0px|false|false&#8221; _builder_version=&#8221;3.17.6&#8243;][et_pb_column type=&#8221;4_4&#8243; _builder_version=&#8221;3.0.47&#8243; parallax=&#8221;off&#8221; parallax_method=&#8221;on&#8221;][et_pb_divider show_divider=&#8221;off&#8221; _builder_version=&#8221;3.17.6&#8243;][\/et_pb_divider][\/et_pb_column][\/et_pb_row][et_pb_row custom_padding=&#8221;5%|5%|5%|5%|true|true&#8221; _builder_version=&#8221;3.17.6&#8243; background_color=&#8221;#ffffff&#8221; border_color_all=&#8221;rgba(0,0,0,0.1)&#8221; border_width_top=&#8221;1px&#8221; locked=&#8221;off&#8221;][et_pb_column type=&#8221;4_4&#8243; _builder_version=&#8221;3.0.47&#8243; parallax=&#8221;off&#8221; parallax_method=&#8221;on&#8221;][et_pb_text _builder_version=&#8221;3.17.6&#8243; text_font=&#8221;Montserrat|700|||||||&#8221; text_text_color=&#8221;#ff5b0c&#8221; text_font_size=&#8221;20px&#8221; text_font_size_phone=&#8221;28px&#8221; text_font_size_last_edited=&#8221;off|desktop&#8221; text_line_height=&#8221;1.8em&#8221; ul_font=&#8221;||||||||&#8221; ol_font=&#8221;||||||||&#8221; header_font=&#8221;||||||||&#8221; header_2_font=&#8221;||||||||&#8221; header_3_font=&#8221;||||||||&#8221; header_4_font=&#8221;||||||||&#8221; header_5_font=&#8221;||||||||&#8221; header_6_font=&#8221;||||||||&#8221; custom_margin=&#8221;|||&#8221; locked=&#8221;off&#8221;]<\/p>\n<h2 style=\"text-align: left;\"><strong><\/strong><\/h2>\n<h2 style=\"text-align: left;\"><strong>GOING OUT IN LEIDEN<\/strong><\/h2>\n<p>[\/et_pb_text][et_pb_text _builder_version=&#8221;3.17.6&#8243; text_font=&#8221;||||||||&#8221; text_font_size=&#8221;16px&#8221; header_font=&#8221;||||||||&#8221;]<\/p>\n<p>Leiden is a student city and that means plenty of catering establishments where you can drink and dance. The following caf\u00e9s, terraces and clubs should be kept in mind if you want to go out in Leiden for an evening.<\/p>\n<p>[\/et_pb_text][et_pb_image src=&#8221;https:\/\/parkingleiden.com\/wp-content\/uploads\/2018\/12\/out.jpg&#8221; force_fullwidth=&#8221;on&#8221; _builder_version=&#8221;3.17.6&#8243;][\/et_pb_image][et_pb_text _builder_version=&#8221;3.17.6&#8243; text_font=&#8221;||||||||&#8221; text_font_size=&#8221;16px&#8221; text_line_height=&#8221;2em&#8221; link_font=&#8221;||||||||&#8221; link_text_color=&#8221;#ff5b0c&#8221; header_font=&#8221;||||||||&#8221; header_2_font=&#8221;Montserrat|700|||||||&#8221; header_2_font_size=&#8221;36px&#8221; header_2_font_size_tablet=&#8221;26px&#8221; header_2_font_size_phone=&#8221;20px&#8221; header_2_font_size_last_edited=&#8221;on|phone&#8221; header_2_line_height=&#8221;1.4em&#8221; header_4_font=&#8221;Montserrat||||||||&#8221; header_4_font_size=&#8221;16px&#8221; max_width=&#8221;700px&#8221; custom_margin=&#8221;14px||-23px|8px&#8221; custom_padding=&#8221;||23px&#8221; locked=&#8221;off&#8221;]<\/p>\n<h2><span style=\"font-size: large;\"><strong>Caf\u00e9s<\/strong><\/span><\/h2>\n<p><strong>Caf\u00e9 Einstein<\/strong><br \/>\nNamed after the well-known professor at Leiden University, the caf\u00e9 offers a terrace boat in the sun during the day and a lively caf\u00e9 in the evening. You can also go here for a lunch or dinner.<br \/>\nAddress: Nieuwe Rijn 19<\/p>\n<p><strong>The Uyl van Hoogland<\/strong><br \/>\nNext to the Hooglandse Kerk lies &#8216;the owl&#8217;. The bar consists of old monastery parts and the interior is decorated with &#8211; how could it be otherwise &#8211; lots of owls.<\/p>\n<p>Address: Nieuwstraat 28<\/p>\n<p><strong>Caf\u00e9 Olivier<\/strong><br \/>\nA cozy Belgian beer caf\u00e9 is located in the former hospital on the Hooigracht. In addition to delicious dishes, the caf\u00e9 regularly organizes a pub quiz, dance nights and live performances.<\/p>\n<p>Address: Hooigracht 23<\/p>\n<p><strong>North End<\/strong><br \/>\nA dozen beers on tap and more than two hundred whiskeys in a typical English atmosphere.<\/p>\n<p>Address: Noordeinde 55<\/p>\n<p><strong>Barrera<\/strong><br \/>\nThe most famous student caf\u00e9 in the city is Barrera. In addition to students, many Leideners and day-trippers come here to eat and drink. In the summer they have a small but pleasant terrace in the sun.<\/p>\n<p>Address: Rapenburg 56<\/p>\n<p><strong>De Kroeg (The pub)<\/strong><\/p>\n<p>The name of this cafe does not bother about it. De Kroeg is a pub with music, beer and wine.<\/p>\n<p>Address: Kort Rapenburg 4<\/p>\n<p><strong>Caf\u00e9 Roebels<\/strong><br \/>\nIn this cozy student caf\u00e9 there is a cozy atmosphere and students often chat to the bar for an hour or two.<\/p>\n<p>Address: Choorsteeg 24<\/p>\n<p><strong>Odessa<\/strong><br \/>\nThere is an alternative atmosphere in Odessa, but it is never quiet. Especially foreign students like to come here and on Friday evening the female visitors determine which music is played.<\/p>\n<p>Address: Hogewoerd 18<\/p>\n<p><strong>Terraces<\/strong><\/p>\n<p><strong>City Hall<\/strong><br \/>\nBehind the town hall on the Breestraat is a vast square that City Hall gratefully uses.<br \/>\nAddress: Stadhuisplein 3<\/p>\n<p><strong>Terrace boats<\/strong><br \/>\nThere are several boats along the Nieuwe Rijn that serve as terraces. Here you can spend hours in the sun watching the boats and people passing by.<\/p>\n<p>Address: Nieuwe Rijn<\/p>\n<p><strong>Brasserie De Poort<\/strong><br \/>\nA wonderful place to have lunch, dinner and a drink. The boats sail by while you are sitting in the sun with a good glass with the monumental city gate in the background.<\/p>\n<p>Address: Port 100<\/p>\n<p><strong>Annie&#8217;s<\/strong><br \/>\nThe terrace of Annie&#8217;s is located on the water where the New Rhine and the Oude Rijn come together. In the summer you can see your eyes when hundreds of boats and sloops float by.<\/p>\n<p>Address: Hoogstraat 1a<\/p>\n<p><strong>Van der Werff<\/strong><br \/>\nFrom the station you walk in a straight line to Leiden and you pass the Van der Werff city cafe on your left. You can go here for a lunch, dinner or drink and in good weather you can sit here on the terrace.<\/p>\n<p>Address: Steenstraat 2<\/p>\n<p><strong>Clubs<\/strong><\/p>\n<p><strong>NEXT Leiden<\/strong><br \/>\nFeet off the floor! You can dance until the early morning in this student disco.<\/p>\n<p>Address: Langebrug 6<\/p>\n<p><strong>Dance salon in Casa<\/strong><br \/>\nIs especially known for the regularly changing theme parties.<br \/>\nAddress: Lammermarkt 100<\/p>\n<p>&nbsp;<\/p>\n<p>[\/et_pb_text][et_pb_text _builder_version=&#8221;3.17.6&#8243; text_font=&#8221;Montserrat|700|||||||&#8221; text_text_color=&#8221;#ff5b0c&#8221; text_font_size=&#8221;20px&#8221; text_font_size_phone=&#8221;28px&#8221; text_font_size_last_edited=&#8221;off|desktop&#8221; text_line_height=&#8221;1.8em&#8221; ul_font=&#8221;||||||||&#8221; ol_font=&#8221;||||||||&#8221; header_font=&#8221;||||||||&#8221; header_2_font=&#8221;||||||||&#8221; header_3_font=&#8221;||||||||&#8221; header_4_font=&#8221;||||||||&#8221; header_5_font=&#8221;||||||||&#8221; header_6_font=&#8221;||||||||&#8221; custom_margin=&#8221;|||&#8221; locked=&#8221;off&#8221;][\/et_pb_text][\/et_pb_column][\/et_pb_row][\/et_pb_section]<\/p>\n","protected":false},"excerpt":{"rendered":"<p>GOING OUT IN LEIDEN Leiden is a student city and that means plenty of catering establishments where you can drink and dance. The following caf\u00e9s, terraces and clubs should be kept in mind if you want to go out in Leiden for an evening. Caf\u00e9s Caf\u00e9 Einstein Named after the well-known professor at Leiden University, [&hellip;]<\/p>\n","protected":false},"author":1,"featured_media":0,"parent":0,"menu_order":0,"comment_status":"closed","ping_status":"closed","template":"","meta":{"_et_pb_use_builder":"on","_et_pb_old_content":"","_et_gb_content_width":"","_monsterinsights_skip_tracking":false,"_monsterinsights_sitenote_active":false,"_monsterinsights_sitenote_note":"","_monsterinsights_sitenote_category":0,"footnotes":""},"class_list":["post-712","page","type-page","status-publish","hentry"],"_links":{"self":[{"href":"https:\/\/parkingleiden.com\/it\/wp-json\/wp\/v2\/pages\/712","targetHints":{"allow":["GET"]}}],"collection":[{"href":"https:\/\/parkingleiden.com\/it\/wp-json\/wp\/v2\/pages"}],"about":[{"href":"https:\/\/parkingleiden.com\/it\/wp-json\/wp\/v2\/types\/page"}],"author":[{"embeddable":true,"href":"https:\/\/parkingleiden.com\/it\/wp-json\/wp\/v2\/users\/1"}],"replies":[{"embeddable":true,"href":"https:\/\/parkingleiden.com\/it\/wp-json\/wp\/v2\/comments?post=712"}],"version-history":[{"count":1,"href":"https:\/\/parkingleiden.com\/it\/wp-json\/wp\/v2\/pages\/712\/revisions"}],"predecessor-version":[{"id":713,"href":"https:\/\/parkingleiden.com\/it\/wp-json\/wp\/v2\/pages\/712\/revisions\/713"}],"wp:attachment":[{"href":"https:\/\/parkingleiden.com\/it\/wp-json\/wp\/v2\/media?parent=712"}],"curies":[{"name":"wp","href":"https:\/\/api.w.org\/{rel}","templated":true}]}}