{"id":708,"date":"2019-05-06T08:14:58","date_gmt":"2019-05-06T08:14:58","guid":{"rendered":"https:\/\/parkingleiden.com\/?page_id=708"},"modified":"2019-05-06T08:14:58","modified_gmt":"2019-05-06T08:14:58","slug":"going-out-in-leiden","status":"publish","type":"page","link":"https:\/\/parkingleiden.com\/fr\/going-out-in-leiden\/","title":{"rendered":"GOING OUT IN LEIDEN"},"content":{"rendered":"<p>[et_pb_section fb_built=\u00a0\u00bb1&Prime; admin_label=\u00a0\u00bbService Details\u00a0\u00bb _builder_version=\u00a0\u00bb3.17.6&Prime; use_background_color_gradient=\u00a0\u00bbon\u00a0\u00bb background_color_gradient_start=\u00a0\u00bb#ffffff\u00a0\u00bb background_color_gradient_end=\u00a0\u00bb#f1f5f9&Prime; background_image=\u00a0\u00bbhttps:\/\/parkingleiden.com\/wp-content\/uploads\/2018\/12\/night.png\u00a0\u00bb parallax=\u00a0\u00bbon\u00a0\u00bb parallax_method=\u00a0\u00bboff\u00a0\u00bb locked=\u00a0\u00bboff\u00a0\u00bb][et_pb_row custom_padding=\u00a0\u00bb0|0px|0|0px|false|false\u00a0\u00bb _builder_version=\u00a0\u00bb3.17.6&Prime;][et_pb_column type=\u00a0\u00bb4_4&Prime; _builder_version=\u00a0\u00bb3.0.47&Prime; parallax=\u00a0\u00bboff\u00a0\u00bb parallax_method=\u00a0\u00bbon\u00a0\u00bb][et_pb_divider show_divider=\u00a0\u00bboff\u00a0\u00bb _builder_version=\u00a0\u00bb3.17.6&Prime;][\/et_pb_divider][\/et_pb_column][\/et_pb_row][et_pb_row custom_padding=\u00a0\u00bb5%|5%|5%|5%|true|true\u00a0\u00bb _builder_version=\u00a0\u00bb3.17.6&Prime; background_color=\u00a0\u00bb#ffffff\u00a0\u00bb border_color_all=\u00a0\u00bbrgba(0,0,0,0.1)\u00a0\u00bb border_width_top=\u00a0\u00bb1px\u00a0\u00bb locked=\u00a0\u00bboff\u00a0\u00bb][et_pb_column type=\u00a0\u00bb4_4&Prime; _builder_version=\u00a0\u00bb3.0.47&Prime; parallax=\u00a0\u00bboff\u00a0\u00bb parallax_method=\u00a0\u00bbon\u00a0\u00bb][et_pb_text _builder_version=\u00a0\u00bb3.17.6&Prime; text_font=\u00a0\u00bbMontserrat|700|||||||\u00a0\u00bb text_text_color=\u00a0\u00bb#ff5b0c\u00a0\u00bb text_font_size=\u00a0\u00bb20px\u00a0\u00bb text_font_size_phone=\u00a0\u00bb28px\u00a0\u00bb text_font_size_last_edited=\u00a0\u00bboff|desktop\u00a0\u00bb text_line_height=\u00a0\u00bb1.8em\u00a0\u00bb ul_font=\u00a0\u00bb||||||||\u00a0\u00bb ol_font=\u00a0\u00bb||||||||\u00a0\u00bb header_font=\u00a0\u00bb||||||||\u00a0\u00bb header_2_font=\u00a0\u00bb||||||||\u00a0\u00bb header_3_font=\u00a0\u00bb||||||||\u00a0\u00bb header_4_font=\u00a0\u00bb||||||||\u00a0\u00bb header_5_font=\u00a0\u00bb||||||||\u00a0\u00bb header_6_font=\u00a0\u00bb||||||||\u00a0\u00bb custom_margin=\u00a0\u00bb|||\u00a0\u00bb locked=\u00a0\u00bboff\u00a0\u00bb]<\/p>\n<h2 style=\"text-align: left;\"><strong><\/strong><\/h2>\n<h2 style=\"text-align: left;\"><strong>GOING OUT IN LEIDEN<\/strong><\/h2>\n<p>[\/et_pb_text][et_pb_text _builder_version=\u00a0\u00bb3.17.6&Prime; text_font=\u00a0\u00bb||||||||\u00a0\u00bb text_font_size=\u00a0\u00bb16px\u00a0\u00bb header_font=\u00a0\u00bb||||||||\u00a0\u00bb]<\/p>\n<p>Leiden is a student city and that means plenty of catering establishments where you can drink and dance. The following caf\u00e9s, terraces and clubs should be kept in mind if you want to go out in Leiden for an evening.<\/p>\n<p>[\/et_pb_text][et_pb_image src=\u00a0\u00bbhttps:\/\/parkingleiden.com\/wp-content\/uploads\/2018\/12\/out.jpg\u00a0\u00bb force_fullwidth=\u00a0\u00bbon\u00a0\u00bb _builder_version=\u00a0\u00bb3.17.6&Prime;][\/et_pb_image][et_pb_text _builder_version=\u00a0\u00bb3.17.6&Prime; text_font=\u00a0\u00bb||||||||\u00a0\u00bb text_font_size=\u00a0\u00bb16px\u00a0\u00bb text_line_height=\u00a0\u00bb2em\u00a0\u00bb link_font=\u00a0\u00bb||||||||\u00a0\u00bb link_text_color=\u00a0\u00bb#ff5b0c\u00a0\u00bb header_font=\u00a0\u00bb||||||||\u00a0\u00bb header_2_font=\u00a0\u00bbMontserrat|700|||||||\u00a0\u00bb header_2_font_size=\u00a0\u00bb36px\u00a0\u00bb header_2_font_size_tablet=\u00a0\u00bb26px\u00a0\u00bb header_2_font_size_phone=\u00a0\u00bb20px\u00a0\u00bb header_2_font_size_last_edited=\u00a0\u00bbon|phone\u00a0\u00bb header_2_line_height=\u00a0\u00bb1.4em\u00a0\u00bb header_4_font=\u00a0\u00bbMontserrat||||||||\u00a0\u00bb header_4_font_size=\u00a0\u00bb16px\u00a0\u00bb max_width=\u00a0\u00bb700px\u00a0\u00bb custom_margin=\u00a0\u00bb14px||-23px|8px\u00a0\u00bb custom_padding=\u00a0\u00bb||23px\u00a0\u00bb locked=\u00a0\u00bboff\u00a0\u00bb]<\/p>\n<h2><span style=\"font-size: large;\"><strong>Caf\u00e9s<\/strong><\/span><\/h2>\n<p><strong>Caf\u00e9 Einstein<\/strong><br \/>\nNamed after the well-known professor at Leiden University, the caf\u00e9 offers a terrace boat in the sun during the day and a lively caf\u00e9 in the evening. You can also go here for a lunch or dinner.<br \/>\nAddress: Nieuwe Rijn 19<\/p>\n<p><strong>The Uyl van Hoogland<\/strong><br \/>\nNext to the Hooglandse Kerk lies &lsquo;the owl&rsquo;. The bar consists of old monastery parts and the interior is decorated with &#8211; how could it be otherwise &#8211; lots of owls.<\/p>\n<p>Address: Nieuwstraat 28<\/p>\n<p><strong>Caf\u00e9 Olivier<\/strong><br \/>\nA cozy Belgian beer caf\u00e9 is located in the former hospital on the Hooigracht. In addition to delicious dishes, the caf\u00e9 regularly organizes a pub quiz, dance nights and live performances.<\/p>\n<p>Address: Hooigracht 23<\/p>\n<p><strong>North End<\/strong><br \/>\nA dozen beers on tap and more than two hundred whiskeys in a typical English atmosphere.<\/p>\n<p>Address: Noordeinde 55<\/p>\n<p><strong>Barrera<\/strong><br \/>\nThe most famous student caf\u00e9 in the city is Barrera. In addition to students, many Leideners and day-trippers come here to eat and drink. In the summer they have a small but pleasant terrace in the sun.<\/p>\n<p>Address: Rapenburg 56<\/p>\n<p><strong>De Kroeg (The pub)<\/strong><\/p>\n<p>The name of this cafe does not bother about it. De Kroeg is a pub with music, beer and wine.<\/p>\n<p>Address: Kort Rapenburg 4<\/p>\n<p><strong>Caf\u00e9 Roebels<\/strong><br \/>\nIn this cozy student caf\u00e9 there is a cozy atmosphere and students often chat to the bar for an hour or two.<\/p>\n<p>Address: Choorsteeg 24<\/p>\n<p><strong>Odessa<\/strong><br \/>\nThere is an alternative atmosphere in Odessa, but it is never quiet. Especially foreign students like to come here and on Friday evening the female visitors determine which music is played.<\/p>\n<p>Address: Hogewoerd 18<\/p>\n<p><strong>Terraces<\/strong><\/p>\n<p><strong>City Hall<\/strong><br \/>\nBehind the town hall on the Breestraat is a vast square that City Hall gratefully uses.<br \/>\nAddress: Stadhuisplein 3<\/p>\n<p><strong>Terrace boats<\/strong><br \/>\nThere are several boats along the Nieuwe Rijn that serve as terraces. Here you can spend hours in the sun watching the boats and people passing by.<\/p>\n<p>Address: Nieuwe Rijn<\/p>\n<p><strong>Brasserie De Poort<\/strong><br \/>\nA wonderful place to have lunch, dinner and a drink. The boats sail by while you are sitting in the sun with a good glass with the monumental city gate in the background.<\/p>\n<p>Address: Port 100<\/p>\n<p><strong>Annie&rsquo;s<\/strong><br \/>\nThe terrace of Annie&rsquo;s is located on the water where the New Rhine and the Oude Rijn come together. In the summer you can see your eyes when hundreds of boats and sloops float by.<\/p>\n<p>Address: Hoogstraat 1a<\/p>\n<p><strong>Van der Werff<\/strong><br \/>\nFrom the station you walk in a straight line to Leiden and you pass the Van der Werff city cafe on your left. You can go here for a lunch, dinner or drink and in good weather you can sit here on the terrace.<\/p>\n<p>Address: Steenstraat 2<\/p>\n<p><strong>Clubs<\/strong><\/p>\n<p><strong>NEXT Leiden<\/strong><br \/>\nFeet off the floor! You can dance until the early morning in this student disco.<\/p>\n<p>Address: Langebrug 6<\/p>\n<p><strong>Dance salon in Casa<\/strong><br \/>\nIs especially known for the regularly changing theme parties.<br \/>\nAddress: Lammermarkt 100<\/p>\n<p>&nbsp;<\/p>\n<p>[\/et_pb_text][et_pb_text _builder_version=\u00a0\u00bb3.17.6&Prime; text_font=\u00a0\u00bbMontserrat|700|||||||\u00a0\u00bb text_text_color=\u00a0\u00bb#ff5b0c\u00a0\u00bb text_font_size=\u00a0\u00bb20px\u00a0\u00bb text_font_size_phone=\u00a0\u00bb28px\u00a0\u00bb text_font_size_last_edited=\u00a0\u00bboff|desktop\u00a0\u00bb text_line_height=\u00a0\u00bb1.8em\u00a0\u00bb ul_font=\u00a0\u00bb||||||||\u00a0\u00bb ol_font=\u00a0\u00bb||||||||\u00a0\u00bb header_font=\u00a0\u00bb||||||||\u00a0\u00bb header_2_font=\u00a0\u00bb||||||||\u00a0\u00bb header_3_font=\u00a0\u00bb||||||||\u00a0\u00bb header_4_font=\u00a0\u00bb||||||||\u00a0\u00bb header_5_font=\u00a0\u00bb||||||||\u00a0\u00bb header_6_font=\u00a0\u00bb||||||||\u00a0\u00bb custom_margin=\u00a0\u00bb|||\u00a0\u00bb locked=\u00a0\u00bboff\u00a0\u00bb][\/et_pb_text][\/et_pb_column][\/et_pb_row][\/et_pb_section]<\/p>\n","protected":false},"excerpt":{"rendered":"<p>GOING OUT IN LEIDEN Leiden is a student city and that means plenty of catering establishments where you can drink and dance. The following caf\u00e9s, terraces and clubs should be kept in mind if you want to go out in Leiden for an evening. Caf\u00e9s Caf\u00e9 Einstein Named after the well-known professor at Leiden University, [&hellip;]<\/p>\n","protected":false},"author":1,"featured_media":0,"parent":0,"menu_order":0,"comment_status":"closed","ping_status":"closed","template":"","meta":{"_et_pb_use_builder":"on","_et_pb_old_content":"","_et_gb_content_width":"","_monsterinsights_skip_tracking":false,"_monsterinsights_sitenote_active":false,"_monsterinsights_sitenote_note":"","_monsterinsights_sitenote_category":0,"footnotes":""},"class_list":["post-708","page","type-page","status-publish","hentry"],"_links":{"self":[{"href":"https:\/\/parkingleiden.com\/fr\/wp-json\/wp\/v2\/pages\/708","targetHints":{"allow":["GET"]}}],"collection":[{"href":"https:\/\/parkingleiden.com\/fr\/wp-json\/wp\/v2\/pages"}],"about":[{"href":"https:\/\/parkingleiden.com\/fr\/wp-json\/wp\/v2\/types\/page"}],"author":[{"embeddable":true,"href":"https:\/\/parkingleiden.com\/fr\/wp-json\/wp\/v2\/users\/1"}],"replies":[{"embeddable":true,"href":"https:\/\/parkingleiden.com\/fr\/wp-json\/wp\/v2\/comments?post=708"}],"version-history":[{"count":1,"href":"https:\/\/parkingleiden.com\/fr\/wp-json\/wp\/v2\/pages\/708\/revisions"}],"predecessor-version":[{"id":709,"href":"https:\/\/parkingleiden.com\/fr\/wp-json\/wp\/v2\/pages\/708\/revisions\/709"}],"wp:attachment":[{"href":"https:\/\/parkingleiden.com\/fr\/wp-json\/wp\/v2\/media?parent=708"}],"curies":[{"name":"wp","href":"https:\/\/api.w.org\/{rel}","templated":true}]}}