{"id":690,"date":"2019-05-06T08:08:05","date_gmt":"2019-05-06T08:08:05","guid":{"rendered":"https:\/\/parkingleiden.com\/?page_id=690"},"modified":"2019-06-07T09:26:21","modified_gmt":"2019-06-07T09:26:21","slug":"partners","status":"publish","type":"page","link":"https:\/\/parkingleiden.com\/fr\/partners\/","title":{"rendered":"Partners"},"content":{"rendered":"<p>[et_pb_section fb_built=\u00a0\u00bb1&Prime; _builder_version=\u00a0\u00bb3.17.6&Prime; custom_padding=\u00a0\u00bb3px|0px|0|0px|false|false\u00a0\u00bb][et_pb_row make_fullwidth=\u00a0\u00bbon\u00a0\u00bb use_custom_gutter=\u00a0\u00bbon\u00a0\u00bb gutter_width=\u00a0\u00bb1&Prime; custom_padding=\u00a0\u00bb7px||7px||true|false\u00a0\u00bb make_equal=\u00a0\u00bbon\u00a0\u00bb background_color_1=\u00a0\u00bb#0c71c3&Prime; padding_top_bottom_link_1=\u00a0\u00bbtrue\u00a0\u00bb padding_left_right_link_1=\u00a0\u00bbtrue\u00a0\u00bb background_size_1=\u00a0\u00bbinitial\u00a0\u00bb background_position_1=\u00a0\u00bbbottom_left\u00a0\u00bb background_blend_1=\u00a0\u00bbmultiply\u00a0\u00bb padding_top_1=\u00a0\u00bb6vw\u00a0\u00bb padding_right_1=\u00a0\u00bb6%\u00a0\u00bb padding_bottom_1=\u00a0\u00bb6vw\u00a0\u00bb padding_left_1=\u00a0\u00bb6%\u00a0\u00bb padding_1_tablet=\u00a0\u00bb|10%||10%||true\u00a0\u00bb padding_1_phone=\u00a0\u00bb|||\u00a0\u00bb padding_1_last_edited=\u00a0\u00bbon|desktop\u00a0\u00bb _builder_version=\u00a0\u00bb3.17.6&Prime; background_color=\u00a0\u00bb#ffffff\u00a0\u00bb background_image=\u00a0\u00bbhttps:\/\/parkingleiden.com\/wp-content\/uploads\/2018\/12\/easy.png\u00a0\u00bb background_size=\u00a0\u00bbcontain\u00a0\u00bb background_position=\u00a0\u00bbcenter_right\u00a0\u00bb][et_pb_column type=\u00a0\u00bb1_2&Prime; _builder_version=\u00a0\u00bb3.9&Prime;][et_pb_text ul_type=\u00a0\u00bbcircle\u00a0\u00bb _builder_version=\u00a0\u00bb3.19.13&Prime; text_font=\u00a0\u00bb||||||||\u00a0\u00bb ul_font=\u00a0\u00bb||||||||\u00a0\u00bb ul_font_size=\u00a0\u00bb18px\u00a0\u00bb ul_line_height=\u00a0\u00bb2em\u00a0\u00bb header_font=\u00a0\u00bbMontserrat|700|||||||\u00a0\u00bb header_font_size=\u00a0\u00bb50px\u00a0\u00bb header_font_size_tablet=\u00a0\u00bb40px\u00a0\u00bb header_font_size_phone=\u00a0\u00bb24px\u00a0\u00bb header_font_size_last_edited=\u00a0\u00bbon|phone\u00a0\u00bb header_line_height=\u00a0\u00bb1.2em\u00a0\u00bb header_2_font=\u00a0\u00bbMontserrat|700|||||||\u00a0\u00bb header_2_font_size=\u00a0\u00bb37px\u00a0\u00bb header_2_font_size_phone=\u00a0\u00bb22px\u00a0\u00bb header_2_font_size_last_edited=\u00a0\u00bbon|phone\u00a0\u00bb background_layout=\u00a0\u00bbdark\u00a0\u00bb]<\/p>\n<h2>EASY FIETS<\/h2>\n<h2>Voiture gar\u00e9e?<\/h2>\n<p>&nbsp;<\/p>\n<p>Continuez \u00e0 v\u00e9lo! Pour seulement 7,20 \u20ac (9 \u20ac non-parkers), vous louez un v\u00e9lo chez EasyFiets. A l&rsquo;aise dans la ville, allez \u00e0 la plage ou faites un tour du Kaag. Vous pouvez ramener le v\u00e9lo \u00e0 minuit pour ne pas avoir \u00e0 vous presser. Journ\u00e9e \u00e0 Leiden: garez votre voiture \u00e0 Stadsparkeerplan et louez un v\u00e9lo \u00e0 EasyFiets!<\/p>\n<p>[\/et_pb_text][et_pb_text _builder_version=\u00a0\u00bb3.17.6&Prime; text_font=\u00a0\u00bbMontserrat|700|||||||\u00a0\u00bb text_font_size=\u00a0\u00bb40px\u00a0\u00bb text_font_size_phone=\u00a0\u00bb28px\u00a0\u00bb text_font_size_last_edited=\u00a0\u00bbon|phone\u00a0\u00bb text_line_height=\u00a0\u00bb1.8em\u00a0\u00bb header_font=\u00a0\u00bb||||||||\u00a0\u00bb background_layout=\u00a0\u00bbdark\u00a0\u00bb custom_margin=\u00a0\u00bb|||\u00a0\u00bb]<\/p>\n<h2><\/h2>\n<p>[\/et_pb_text][et_pb_button button_url=\u00a0\u00bbhttps:\/\/www.easyfiets.nl\/en\/\u00a0\u00bb button_text=\u00a0\u00bbGET INFO\u00a0\u00bb _builder_version=\u00a0\u00bb3.19.13&Prime; custom_button=\u00a0\u00bbon\u00a0\u00bb button_text_size=\u00a0\u00bb16px\u00a0\u00bb button_text_color=\u00a0\u00bb#2a2a2a\u00a0\u00bb button_bg_color=\u00a0\u00bb#ffffff\u00a0\u00bb button_border_width=\u00a0\u00bb10px\u00a0\u00bb button_border_color=\u00a0\u00bb#ffffff\u00a0\u00bb button_letter_spacing=\u00a0\u00bb2px\u00a0\u00bb button_font=\u00a0\u00bbMontserrat|700|||||||\u00a0\u00bb button_icon=\u00a0\u00bb%%3%%\u00a0\u00bb custom_margin=\u00a0\u00bb20px||20px||true\u00a0\u00bb button_text_size__hover_enabled=\u00a0\u00bboff\u00a0\u00bb button_one_text_size__hover_enabled=\u00a0\u00bboff\u00a0\u00bb button_two_text_size__hover_enabled=\u00a0\u00bboff\u00a0\u00bb button_text_color__hover_enabled=\u00a0\u00bboff\u00a0\u00bb button_one_text_color__hover_enabled=\u00a0\u00bboff\u00a0\u00bb button_two_text_color__hover_enabled=\u00a0\u00bboff\u00a0\u00bb button_border_width__hover_enabled=\u00a0\u00bboff\u00a0\u00bb button_one_border_width__hover_enabled=\u00a0\u00bboff\u00a0\u00bb button_two_border_width__hover_enabled=\u00a0\u00bboff\u00a0\u00bb button_border_color__hover_enabled=\u00a0\u00bboff\u00a0\u00bb button_one_border_color__hover_enabled=\u00a0\u00bboff\u00a0\u00bb button_two_border_color__hover_enabled=\u00a0\u00bboff\u00a0\u00bb button_border_radius__hover_enabled=\u00a0\u00bboff\u00a0\u00bb button_one_border_radius__hover_enabled=\u00a0\u00bboff\u00a0\u00bb button_two_border_radius__hover_enabled=\u00a0\u00bboff\u00a0\u00bb button_letter_spacing__hover_enabled=\u00a0\u00bboff\u00a0\u00bb button_one_letter_spacing__hover_enabled=\u00a0\u00bboff\u00a0\u00bb button_two_letter_spacing__hover_enabled=\u00a0\u00bboff\u00a0\u00bb button_bg_color__hover_enabled=\u00a0\u00bboff\u00a0\u00bb button_one_bg_color__hover_enabled=\u00a0\u00bboff\u00a0\u00bb button_two_bg_color__hover_enabled=\u00a0\u00bboff\u00a0\u00bb][\/et_pb_button][\/et_pb_column][et_pb_column type=\u00a0\u00bb1_2&Prime; _builder_version=\u00a0\u00bb3.9&Prime;][\/et_pb_column][\/et_pb_row][\/et_pb_section]<\/p>\n","protected":false},"excerpt":{"rendered":"<p>EASY FIETS Voiture gar\u00e9e? &nbsp; Continuez \u00e0 v\u00e9lo! Pour seulement 7,20 \u20ac (9 \u20ac non-parkers), vous louez un v\u00e9lo chez EasyFiets. A l&rsquo;aise dans la ville, allez \u00e0 la plage ou faites un tour du Kaag. Vous pouvez ramener le v\u00e9lo \u00e0 minuit pour ne pas avoir \u00e0 vous presser. Journ\u00e9e \u00e0 Leiden: garez votre [&hellip;]<\/p>\n","protected":false},"author":1,"featured_media":0,"parent":0,"menu_order":0,"comment_status":"closed","ping_status":"closed","template":"","meta":{"_et_pb_use_builder":"on","_et_pb_old_content":"","_et_gb_content_width":"","_monsterinsights_skip_tracking":false,"_monsterinsights_sitenote_active":false,"_monsterinsights_sitenote_note":"","_monsterinsights_sitenote_category":0,"footnotes":""},"class_list":["post-690","page","type-page","status-publish","hentry"],"_links":{"self":[{"href":"https:\/\/parkingleiden.com\/fr\/wp-json\/wp\/v2\/pages\/690","targetHints":{"allow":["GET"]}}],"collection":[{"href":"https:\/\/parkingleiden.com\/fr\/wp-json\/wp\/v2\/pages"}],"about":[{"href":"https:\/\/parkingleiden.com\/fr\/wp-json\/wp\/v2\/types\/page"}],"author":[{"embeddable":true,"href":"https:\/\/parkingleiden.com\/fr\/wp-json\/wp\/v2\/users\/1"}],"replies":[{"embeddable":true,"href":"https:\/\/parkingleiden.com\/fr\/wp-json\/wp\/v2\/comments?post=690"}],"version-history":[{"count":3,"href":"https:\/\/parkingleiden.com\/fr\/wp-json\/wp\/v2\/pages\/690\/revisions"}],"predecessor-version":[{"id":856,"href":"https:\/\/parkingleiden.com\/fr\/wp-json\/wp\/v2\/pages\/690\/revisions\/856"}],"wp:attachment":[{"href":"https:\/\/parkingleiden.com\/fr\/wp-json\/wp\/v2\/media?parent=690"}],"curies":[{"name":"wp","href":"https:\/\/api.w.org\/{rel}","templated":true}]}}