{"id":758,"date":"2019-05-06T08:29:29","date_gmt":"2019-05-06T08:29:29","guid":{"rendered":"https:\/\/parkingleiden.com\/?page_id=758"},"modified":"2019-05-06T14:03:52","modified_gmt":"2019-05-06T14:03:52","slug":"walking","status":"publish","type":"page","link":"https:\/\/parkingleiden.com\/de\/walking\/","title":{"rendered":"Walking"},"content":{"rendered":"<p>[et_pb_section fb_built=&#8220;1&#8243; admin_label=&#8220;Service Details&#8220; _builder_version=&#8220;3.17.6&#8243; use_background_color_gradient=&#8220;on&#8220; background_color_gradient_start=&#8220;#ffffff&#8220; background_color_gradient_end=&#8220;#f1f5f9&#8243; background_image=&#8220;https:\/\/parkingleiden.com\/wp-content\/uploads\/2018\/12\/museum.png&#8220; parallax=&#8220;on&#8220; parallax_method=&#8220;off&#8220; locked=&#8220;off&#8220;][et_pb_row custom_padding=&#8220;0|0px|0|0px|false|false&#8220; _builder_version=&#8220;3.17.6&#8243; background_color=&#8220;#ffffff&#8220;][et_pb_column type=&#8220;4_4&#8243; _builder_version=&#8220;3.0.47&#8243;][et_pb_text _builder_version=&#8220;3.19.13&#8243; text_font=&#8220;Montserrat||||||||&#8220; text_text_color=&#8220;#ff5b0c&#8220; text_font_size=&#8220;15px&#8220; text_font_size_phone=&#8220;28px&#8220; text_font_size_last_edited=&#8220;off|desktop&#8220; text_line_height=&#8220;1.8em&#8220; ul_font=&#8220;||||||||&#8220; ol_font=&#8220;||||||||&#8220; header_font=&#8220;||||||||&#8220; header_2_font=&#8220;||||||||&#8220; header_3_font=&#8220;||||||||&#8220; header_4_font=&#8220;||||||||&#8220; header_5_font=&#8220;||||||||&#8220; header_6_font=&#8220;||||||||&#8220; custom_margin=&#8220;|||&#8220; custom_padding=&#8220;|50px||50px||true&#8220; locked=&#8220;off&#8220;]<\/p>\n<p>&nbsp;<\/p>\n<h2 style=\"text-align: center;\"><strong>GEHEN IN LEIDEN<\/strong><\/h2>\n<p><strong><\/strong><\/p>\n<div class=\"gsrt tw-ta-container tw-nfl\" id=\"tw-target-text-container\">\n<p class=\"tw-data-text tw-ta tw-text-small\" data-placeholder=\"Vertaling\" id=\"tw-target-text\" dir=\"ltr\" style=\"text-align: center;\"><span style=\"color: #000000;\">Die Innenstadt von Leiden ist wunderbar f\u00fcr sich selbst zu entdecken, aber es gibt auch einige originelle Spazierg\u00e4nge, die Ihnen dabei helfen k\u00f6nnen. Diese sind das ganze Jahr \u00fcber im VVV Leiden erh\u00e4ltlich.<\/span><\/p>\n<pre class=\"tw-data-text tw-ta tw-text-small\" lang=\"en\"><\/pre>\n<\/div>\n<p>[\/et_pb_text][et_pb_text _builder_version=&#8220;3.17.6&#8243;][\/et_pb_text][\/et_pb_column][\/et_pb_row][et_pb_row custom_padding=&#8220;0|0px|0|0px|false|false&#8220; _builder_version=&#8220;3.17.6&#8243;][et_pb_column type=&#8220;4_4&#8243; _builder_version=&#8220;3.0.47&#8243;][et_pb_divider show_divider=&#8220;off&#8220; _builder_version=&#8220;3.17.6&#8243;][\/et_pb_divider][\/et_pb_column][\/et_pb_row][et_pb_row custom_padding=&#8220;16px|20px|0px|20px|false|true&#8220; _builder_version=&#8220;3.17.6&#8243; background_color=&#8220;#ffffff&#8220; border_color_all=&#8220;rgba(0,0,0,0.1)&#8220; border_width_top=&#8220;1px&#8220; locked=&#8220;off&#8220;][et_pb_column type=&#8220;1_4&#8243; _builder_version=&#8220;3.0.47&#8243;][et_pb_image src=&#8220;https:\/\/parkingleiden.com\/wp-content\/uploads\/2018\/12\/cycling.jpg&#8220; _builder_version=&#8220;3.17.6&#8243; custom_padding=&#8220;10px||10px||true&#8220;][\/et_pb_image][\/et_pb_column][et_pb_column type=&#8220;3_4&#8243; _builder_version=&#8220;3.0.47&#8243;][et_pb_text _builder_version=&#8220;3.19.13&#8243; text_font=&#8220;Montserrat||||||||&#8220; text_font_size=&#8220;16px&#8220; text_line_height=&#8220;2em&#8220; link_font=&#8220;||||||||&#8220; link_text_color=&#8220;#ff5b0c&#8220; header_font=&#8220;Montserrat||||||||&#8220; header_2_font=&#8220;Montserrat||||||||&#8220; header_2_font_size=&#8220;36px&#8220; header_2_font_size_tablet=&#8220;26px&#8220; header_2_font_size_phone=&#8220;20px&#8220; header_2_font_size_last_edited=&#8220;on|phone&#8220; header_2_line_height=&#8220;1.4em&#8220; header_4_font=&#8220;Montserrat||||||||&#8220; header_4_font_size=&#8220;16px&#8220; max_width=&#8220;700px&#8220; custom_margin=&#8220;||-23px&#8220; custom_padding=&#8220;||23px&#8220; locked=&#8220;off&#8220;]<\/p>\n<div class=\"gsrt tw-ta-container tw-nfl\" id=\"tw-target-text-container\">\n<h2><strong>Der Leidse Loper<\/strong><\/h2>\n<\/div>\n<div class=\"gsrt tw-ta-container tw-nfl\" id=\"tw-target-text-container\">\n<div class=\"gsrt tw-ta-container tw-nfl\" id=\"tw-target-text-container\">\n<p>Der Leidse Loper ist ein spezieller Rundgang durch Leiden. Dieser Spaziergang f\u00fchrt Sie zu den sch\u00f6nsten Orten in Leiden. Viele historische Monumente und besondere Ausblicke sind in der Regel schwer zu finden<\/p>\n<pre class=\"tw-data-text tw-ta tw-text-small\" lang=\"en\"><\/pre>\n<\/div>\n<\/div>\n<p>[\/et_pb_text][et_pb_text _builder_version=&#8220;3.17.6&#8243; text_font=&#8220;Montserrat|700|||||||&#8220; text_text_color=&#8220;#ff5b0c&#8220; text_font_size=&#8220;20px&#8220; text_font_size_phone=&#8220;28px&#8220; text_font_size_last_edited=&#8220;off|desktop&#8220; text_line_height=&#8220;1.8em&#8220; ul_font=&#8220;||||||||&#8220; ol_font=&#8220;||||||||&#8220; header_font=&#8220;||||||||&#8220; header_2_font=&#8220;||||||||&#8220; header_3_font=&#8220;||||||||&#8220; header_4_font=&#8220;||||||||&#8220; header_5_font=&#8220;||||||||&#8220; header_6_font=&#8220;||||||||&#8220; custom_margin=&#8220;|||&#8220; locked=&#8220;off&#8220;][\/et_pb_text][\/et_pb_column][\/et_pb_row][\/et_pb_section]<\/p>\n","protected":false},"excerpt":{"rendered":"<p>&nbsp; GEHEN IN LEIDEN Die Innenstadt von Leiden ist wunderbar f\u00fcr sich selbst zu entdecken, aber es gibt auch einige originelle Spazierg\u00e4nge, die Ihnen dabei helfen k\u00f6nnen. Diese sind das ganze Jahr \u00fcber im VVV Leiden erh\u00e4ltlich. Der Leidse Loper Der Leidse Loper ist ein spezieller Rundgang durch Leiden. Dieser Spaziergang f\u00fchrt Sie zu den [&hellip;]<\/p>\n","protected":false},"author":1,"featured_media":0,"parent":0,"menu_order":0,"comment_status":"closed","ping_status":"closed","template":"","meta":{"_et_pb_use_builder":"on","_et_pb_old_content":"","_et_gb_content_width":"","_monsterinsights_skip_tracking":false,"_monsterinsights_sitenote_active":false,"_monsterinsights_sitenote_note":"","_monsterinsights_sitenote_category":0,"footnotes":""},"class_list":["post-758","page","type-page","status-publish","hentry"],"_links":{"self":[{"href":"https:\/\/parkingleiden.com\/de\/wp-json\/wp\/v2\/pages\/758","targetHints":{"allow":["GET"]}}],"collection":[{"href":"https:\/\/parkingleiden.com\/de\/wp-json\/wp\/v2\/pages"}],"about":[{"href":"https:\/\/parkingleiden.com\/de\/wp-json\/wp\/v2\/types\/page"}],"author":[{"embeddable":true,"href":"https:\/\/parkingleiden.com\/de\/wp-json\/wp\/v2\/users\/1"}],"replies":[{"embeddable":true,"href":"https:\/\/parkingleiden.com\/de\/wp-json\/wp\/v2\/comments?post=758"}],"version-history":[{"count":2,"href":"https:\/\/parkingleiden.com\/de\/wp-json\/wp\/v2\/pages\/758\/revisions"}],"predecessor-version":[{"id":852,"href":"https:\/\/parkingleiden.com\/de\/wp-json\/wp\/v2\/pages\/758\/revisions\/852"}],"wp:attachment":[{"href":"https:\/\/parkingleiden.com\/de\/wp-json\/wp\/v2\/media?parent=758"}],"curies":[{"name":"wp","href":"https:\/\/api.w.org\/{rel}","templated":true}]}}