{"id":726,"date":"2019-05-06T08:18:40","date_gmt":"2019-05-06T08:18:40","guid":{"rendered":"https:\/\/parkingleiden.com\/?page_id=726"},"modified":"2019-05-06T13:57:00","modified_gmt":"2019-05-06T13:57:00","slug":"restaurants","status":"publish","type":"page","link":"https:\/\/parkingleiden.com\/de\/restaurants\/","title":{"rendered":"restaurants"},"content":{"rendered":"<p>[et_pb_section fb_built=&#8220;1&#8243; admin_label=&#8220;Service Details&#8220; _builder_version=&#8220;3.17.6&#8243; use_background_color_gradient=&#8220;on&#8220; background_color_gradient_start=&#8220;#ffffff&#8220; background_color_gradient_end=&#8220;#f1f5f9&#8243; background_image=&#8220;https:\/\/parkingleiden.com\/wp-content\/uploads\/2018\/12\/restauramt.jpg&#8220; parallax=&#8220;on&#8220; parallax_method=&#8220;off&#8220; locked=&#8220;off&#8220;][et_pb_row custom_padding=&#8220;0|0px|0|0px|false|false&#8220; _builder_version=&#8220;3.17.6&#8243;][et_pb_column type=&#8220;4_4&#8243; _builder_version=&#8220;3.0.47&#8243;][et_pb_divider show_divider=&#8220;off&#8220; _builder_version=&#8220;3.17.6&#8243;][\/et_pb_divider][\/et_pb_column][\/et_pb_row][et_pb_row custom_padding=&#8220;5%|5%|5%|5%|true|true&#8220; _builder_version=&#8220;3.17.6&#8243; background_color=&#8220;#ffffff&#8220; border_color_all=&#8220;rgba(0,0,0,0.1)&#8220; border_width_top=&#8220;1px&#8220; locked=&#8220;off&#8220;][et_pb_column type=&#8220;4_4&#8243; _builder_version=&#8220;3.0.47&#8243;][et_pb_text _builder_version=&#8220;3.17.6&#8243; text_font=&#8220;Montserrat|700|||||||&#8220; text_text_color=&#8220;#ff5b0c&#8220; text_font_size=&#8220;20px&#8220; text_font_size_phone=&#8220;28px&#8220; text_font_size_last_edited=&#8220;off|desktop&#8220; text_line_height=&#8220;1.8em&#8220; ul_font=&#8220;||||||||&#8220; ol_font=&#8220;||||||||&#8220; header_font=&#8220;||||||||&#8220; header_2_font=&#8220;||||||||&#8220; header_3_font=&#8220;||||||||&#8220; header_4_font=&#8220;||||||||&#8220; header_5_font=&#8220;||||||||&#8220; header_6_font=&#8220;||||||||&#8220; custom_margin=&#8220;|||&#8220; locked=&#8220;off&#8220;]<\/p>\n<h2 style=\"text-align: left;\"><strong><\/strong><\/h2>\n<h2 style=\"text-align: left;\"><strong>RESTAURANTS IN LEIDEN<\/strong><\/h2>\n<p>[\/et_pb_text][et_pb_text _builder_version=&#8220;3.17.6&#8243; text_font=&#8220;||||||||&#8220; text_font_size=&#8220;16px&#8220; header_font=&#8220;||||||||&#8220;]<\/p>\n<p>Leiden ist eine Studentenstadt, aber das bedeutet nicht, dass Sie hier nur braune Bars und billige Tagesimbisse finden. Andererseits! Die Stadt hat ein pulsierendes kulinarisches Angebot, das von Fischrestaurants \u00fcber Soul Food und von franz\u00f6sischer bis chinesischer K\u00fcche variiert. Sehen Sie sich hier die \u00dcbersicht der besonderen Restaurants in Leiden an.<\/p>\n<p>[\/et_pb_text][et_pb_image src=&#8220;https:\/\/parkingleiden.com\/wp-content\/uploads\/2018\/12\/restaurants-1.jpg&#8220; force_fullwidth=&#8220;on&#8220; _builder_version=&#8220;3.17.6&#8243;][\/et_pb_image][et_pb_text _builder_version=&#8220;3.17.6&#8243; text_font=&#8220;||||||||&#8220; text_font_size=&#8220;16px&#8220; text_line_height=&#8220;2em&#8220; link_font=&#8220;||||||||&#8220; link_text_color=&#8220;#ff5b0c&#8220; header_font=&#8220;||||||||&#8220; header_2_font=&#8220;Montserrat|700|||||||&#8220; header_2_font_size=&#8220;36px&#8220; header_2_font_size_tablet=&#8220;26px&#8220; header_2_font_size_phone=&#8220;20px&#8220; header_2_font_size_last_edited=&#8220;on|phone&#8220; header_2_line_height=&#8220;1.4em&#8220; header_4_font=&#8220;Montserrat||||||||&#8220; header_4_font_size=&#8220;16px&#8220; max_width=&#8220;700px&#8220; custom_margin=&#8220;14px||-23px|8px&#8220; custom_padding=&#8220;||23px&#8220; locked=&#8220;off&#8220;]<\/p>\n<p><strong>City Hall<\/strong><br \/>Der Name des italienischen Restaurants verr\u00e4t die besondere Lage unterhalb des Rathauses von Leiden. Die K\u00fcche ist komplett italienisch und Sie k\u00f6nnen stundenlang kleine Snacks unter den &#8222;Heizger\u00e4ten&#8220; auf der gro\u00dfen Terrasse genie\u00dfen.<br \/> Adresse: Stadhuisplein 3<\/p>\n<p><strong>Fishmonger Atlantic<\/strong><br \/><span>Einen Fisch in Leiden zu fangen, ist am besten im Fischgesch\u00e4ft Atlantic. Im Jahr 2012 gewannen die t\u00fcrkischen Besitzer dieses Fischgesch\u00e4fts den Titel des besten Herings der Niederlande. Jeden Samstag finden Sie den Fischmarkt auf dem Markt. <br \/>Adresse: Levendaal 118<\/span><\/p>\n<p><strong>De La Soul<\/strong><br \/>Soul Musik &amp; Soul Essen. Es ist ein Genuss im De La Soul, wo Sie kleine Snacks bestellen und mit Ihren Tischgenossen teilen k\u00f6nnen. Die Gerichte kommen aus dem S\u00fcden der Vereinigten Staaten und ern\u00e4hren die Seele. <br \/>Adresse: Morsstraat 60<\/p>\n<p><strong>The Print Cabinet<\/strong><br \/>Seit Jahren eines der Top-Restaurants der Stadt, wo K\u00f6che k\u00f6stliche Gerichte aus der franz\u00f6sischen und internationalen K\u00fcche zubereiten. Im Schatten der Pieterskerk erleben Sie eine besondere Nacht. <br \/>Adresse: Kloksteeg 25<\/p>\n<p><strong>The Coach House &#8222;De Burcht&#8220;<\/strong><br \/>Am Ende der Festung &#8218;de Burcht&#8216; befindet sich ein Restaurant, in dem Sie sieben Tage die Woche zu Mittag essen, Tee oder Abendessen genie\u00dfen k\u00f6nnen. Auch ein Kaffee und Apfelkuchen auf der Terrasse ist ein Muss! <br \/>Adresse: Burgsteeg 13<\/p>\n<p><strong>The Gaanderij<\/strong><br \/>Wo einst eine Kaffeer\u00f6sterei untergebracht war, befindet sich heute ein Restaurant mit traditionell niederl\u00e4ndischem Ambiente. Bestellen Sie hier ein niederl\u00e4ndisches Essen oder legen Sie Ihre ber\u00fchmten Spareribs auf. <br \/>Adresse: Nieuwstraat 32<\/p>\n<p><strong>In the cover up<\/strong><br \/>Ein Top-Restaurant. Bestellen Sie \u00e0 la carte oder eines der Men\u00fcs und lassen Sie sich von den Kochk\u00fcnsten des K\u00fcchenchefs \u00fcberraschen. Der Sommelier hilft Ihnen bei der Auswahl aus der Weinkarte. <br \/>Adresse: Turfmarkt 9<\/p>\n<p><strong>Brasserie Meelfabriek Zijlstroom<\/strong><br \/><span>Die ehemalige M\u00fchle au\u00dferhalb von Leiden wurde in eine Brasserie umgewandelt, in der die K\u00f6che k\u00f6stliche Gerichte mit den besten und oft biologischen saisonalen und regionalen Produkten zubereiten. <br \/>Adresse: Zijldijk 28, Leiderdorp<\/span><\/p>\n<p><strong>&#8218;T Crabbetje<\/strong><br \/>Fisch, Fisch und wieder Fisch. &#8218;T Crabbetje ist das Fischrestaurant von Leiden, wo Sie allerlei k\u00f6stliche Fischgerichte genie\u00dfen k\u00f6nnen. Oder wie w\u00e4re es mit einem &#8222;Fruits de Mer&#8220; mit einer Flasche Wei\u00dfwein &#8230; <br \/>Adresse: St. Aagtenstraat 5<\/p>\n<p><strong>Surakarta<\/strong><br \/>Wenn Sie die indonesische K\u00fcche probieren m\u00f6chten, sollten Sie nach Surakarta fahren. Die javanischen Gerichte sind einfach s\u00fc\u00dfer und Sie m\u00fcssen sich mit dem hausgemachten Sambal sch\u00e4rfer machen. <br \/>Adresse: Noordeinde 51-53<\/p>\n<p><strong>Restaurant La Diva<\/strong><br \/> La Diva does not have a menu, because the kitchen works with the products of the season. So let yourself be surprised by the tastiest dishes and creativity of the cook.<br \/> Address: Noordeinde 23<\/p>\n<p><strong>Restaurant the Bishop<\/strong><br \/>Ein neues angesagtes Restaurant f\u00fcr kulinarische Genie\u00dfer. Liebevolle Rezensionen. <br \/>Adresse: Middelweg 7-9, Leiden<\/p>\n<p><strong>Lot and the Whale<\/strong><br \/>Direkt am Hafen gelegen mit gro\u00dfer Terrasse am Wasser und gem\u00fctlicher Atmosph\u00e4re. Die K\u00fcche ist von weltlichen Gerichten und international inspiriert. Sie k\u00f6nnen hier zum Fr\u00fchst\u00fcck, Mittag- und Abendessen gehen.<br \/> Adresse: Port 1<\/p>\n<p><strong>The warehouse<\/strong><br \/>Im monumentalen Geb\u00e4ude k\u00f6nnen Sie in entspannter Atmosph\u00e4re zu Mittag essen, trinken und zu Abend essen. Junges Publikum und trendiges Dekor. Sie haben auch einen gem\u00fctlichen (beheizten) Garten. <br \/>Adresse: Doelensteeg 8<\/p>\n<p><strong>Eatery and Proeflokaal Het Stadsbrouwhuis in Leiden<\/strong><br \/>Bierliebhaber k\u00f6nnen hier ein Bier mit mehr als 20 wechselnden Bieren vom Fass genie\u00dfen. Eine Reihe von Bieren wird vor Ort gebraut und gro\u00dfe Tanks (Wasserkocher) und eine Brauerei befinden sich in der Mitte des Caf\u00e9s. Einen Besuch wert! <br \/>Adresse: Aalmarkt 1<\/p>\n<p><strong>Gallery Caf\u00e9 de Leidse Lente<\/strong><br \/>Das Wohnzimmerrestaurant von Leiden, wo Kunst und k\u00fcnstlerische Atmosph\u00e4re zusammenkommen. Wir arbeiten ohne Men\u00fc, die verschiedenen Tagesmen\u00fcs sind auf eine Tafel geschrieben. Viele kreative Menschen und Kulturliebhaber und regelm\u00e4\u00dfige Live-Musik. Adresse: Haagweg 4<\/p>\n<p>[\/et_pb_text][et_pb_text _builder_version=&#8220;3.17.6&#8243; text_font=&#8220;Montserrat|700|||||||&#8220; text_text_color=&#8220;#ff5b0c&#8220; text_font_size=&#8220;20px&#8220; text_font_size_phone=&#8220;28px&#8220; text_font_size_last_edited=&#8220;off|desktop&#8220; text_line_height=&#8220;1.8em&#8220; ul_font=&#8220;||||||||&#8220; ol_font=&#8220;||||||||&#8220; header_font=&#8220;||||||||&#8220; header_2_font=&#8220;||||||||&#8220; header_3_font=&#8220;||||||||&#8220; header_4_font=&#8220;||||||||&#8220; header_5_font=&#8220;||||||||&#8220; header_6_font=&#8220;||||||||&#8220; custom_margin=&#8220;|||&#8220; locked=&#8220;off&#8220;][\/et_pb_text][\/et_pb_column][\/et_pb_row][\/et_pb_section]<\/p>\n","protected":false},"excerpt":{"rendered":"<p>RESTAURANTS IN LEIDENLeiden ist eine Studentenstadt, aber das bedeutet nicht, dass Sie hier nur braune Bars und billige Tagesimbisse finden. Andererseits! Die Stadt hat ein pulsierendes kulinarisches Angebot, das von Fischrestaurants \u00fcber Soul Food und von franz\u00f6sischer bis chinesischer K\u00fcche variiert. Sehen Sie sich hier die \u00dcbersicht der besonderen Restaurants in Leiden an.City HallDer Name [&hellip;]<\/p>\n","protected":false},"author":1,"featured_media":0,"parent":0,"menu_order":0,"comment_status":"closed","ping_status":"closed","template":"","meta":{"_et_pb_use_builder":"on","_et_pb_old_content":"","_et_gb_content_width":"","_monsterinsights_skip_tracking":false,"_monsterinsights_sitenote_active":false,"_monsterinsights_sitenote_note":"","_monsterinsights_sitenote_category":0,"footnotes":""},"class_list":["post-726","page","type-page","status-publish","hentry"],"_links":{"self":[{"href":"https:\/\/parkingleiden.com\/de\/wp-json\/wp\/v2\/pages\/726","targetHints":{"allow":["GET"]}}],"collection":[{"href":"https:\/\/parkingleiden.com\/de\/wp-json\/wp\/v2\/pages"}],"about":[{"href":"https:\/\/parkingleiden.com\/de\/wp-json\/wp\/v2\/types\/page"}],"author":[{"embeddable":true,"href":"https:\/\/parkingleiden.com\/de\/wp-json\/wp\/v2\/users\/1"}],"replies":[{"embeddable":true,"href":"https:\/\/parkingleiden.com\/de\/wp-json\/wp\/v2\/comments?post=726"}],"version-history":[{"count":2,"href":"https:\/\/parkingleiden.com\/de\/wp-json\/wp\/v2\/pages\/726\/revisions"}],"predecessor-version":[{"id":848,"href":"https:\/\/parkingleiden.com\/de\/wp-json\/wp\/v2\/pages\/726\/revisions\/848"}],"wp:attachment":[{"href":"https:\/\/parkingleiden.com\/de\/wp-json\/wp\/v2\/media?parent=726"}],"curies":[{"name":"wp","href":"https:\/\/api.w.org\/{rel}","templated":true}]}}