{"id":718,"date":"2019-05-06T08:16:55","date_gmt":"2019-05-06T08:16:55","guid":{"rendered":"https:\/\/parkingleiden.com\/?page_id=718"},"modified":"2019-05-06T13:49:43","modified_gmt":"2019-05-06T13:49:43","slug":"hotels","status":"publish","type":"page","link":"https:\/\/parkingleiden.com\/de\/hotels\/","title":{"rendered":"hotels"},"content":{"rendered":"<p>[et_pb_section fb_built=&#8220;1&#8243; admin_label=&#8220;Service Details&#8220; _builder_version=&#8220;3.17.6&#8243; use_background_color_gradient=&#8220;on&#8220; background_color_gradient_start=&#8220;#ffffff&#8220; background_color_gradient_end=&#8220;#f1f5f9&#8243; background_image=&#8220;https:\/\/parkingleiden.com\/wp-content\/uploads\/2018\/12\/night.png&#8220; parallax=&#8220;on&#8220; parallax_method=&#8220;off&#8220; locked=&#8220;off&#8220;][et_pb_row custom_padding=&#8220;0|0px|0|0px|false|false&#8220; _builder_version=&#8220;3.17.6&#8243;][et_pb_column type=&#8220;4_4&#8243; _builder_version=&#8220;3.0.47&#8243;][et_pb_divider show_divider=&#8220;off&#8220; _builder_version=&#8220;3.17.6&#8243;][\/et_pb_divider][\/et_pb_column][\/et_pb_row][et_pb_row custom_padding=&#8220;16px|20px|0px|20px|false|true&#8220; _builder_version=&#8220;3.17.6&#8243; background_color=&#8220;#ffffff&#8220; border_color_all=&#8220;rgba(0,0,0,0.1)&#8220; border_width_top=&#8220;1px&#8220; locked=&#8220;off&#8220;][et_pb_column type=&#8220;1_4&#8243; _builder_version=&#8220;3.9&#8243;][et_pb_image src=&#8220;https:\/\/parkingleiden.com\/wp-content\/uploads\/2018\/12\/boutique-hotel-rembrandt.jpg&#8220; _builder_version=&#8220;3.17.6&#8243; custom_padding=&#8220;10px||10px||true&#8220;][\/et_pb_image][\/et_pb_column][et_pb_column type=&#8220;3_4&#8243; _builder_version=&#8220;3.9&#8243;][et_pb_text _builder_version=&#8220;3.19.13&#8243; text_font=&#8220;||||||||&#8220; text_font_size=&#8220;16px&#8220; text_line_height=&#8220;2em&#8220; link_font=&#8220;||||||||&#8220; link_text_color=&#8220;#ff5b0c&#8220; header_font=&#8220;||||||||&#8220; header_2_font=&#8220;Montserrat|700|||||||&#8220; header_2_font_size=&#8220;36px&#8220; header_2_font_size_tablet=&#8220;26px&#8220; header_2_font_size_phone=&#8220;20px&#8220; header_2_font_size_last_edited=&#8220;on|phone&#8220; header_2_line_height=&#8220;1.4em&#8220; header_4_font=&#8220;Montserrat||||||||&#8220; header_4_font_size=&#8220;16px&#8220; max_width=&#8220;700px&#8220; custom_margin=&#8220;||-23px&#8220; custom_padding=&#8220;||23px&#8220; locked=&#8220;off&#8220;]<\/p>\n<h2><span>Boutique Hotel Rembrandt<\/span><\/h2>\n<p>Das Boutique Hotel Rembrandt befindet sich im historischen Zentrum von Leiden. Entdecken Sie diese lebendige Universit\u00e4tsstadt von diesem komfortablen Hotel mit seinen gepflegten Zimmern.<strong><br \/> <\/strong><\/p>\n<p>[\/et_pb_text][et_pb_text _builder_version=&#8220;3.17.6&#8243; text_font=&#8220;Montserrat|700|||||||&#8220; text_text_color=&#8220;#ff5b0c&#8220; text_font_size=&#8220;20px&#8220; text_font_size_phone=&#8220;28px&#8220; text_font_size_last_edited=&#8220;off|desktop&#8220; text_line_height=&#8220;1.8em&#8220; ul_font=&#8220;||||||||&#8220; ol_font=&#8220;||||||||&#8220; header_font=&#8220;||||||||&#8220; header_2_font=&#8220;||||||||&#8220; header_3_font=&#8220;||||||||&#8220; header_4_font=&#8220;||||||||&#8220; header_5_font=&#8220;||||||||&#8220; header_6_font=&#8220;||||||||&#8220; custom_margin=&#8220;|||&#8220; locked=&#8220;off&#8220;][\/et_pb_text][\/et_pb_column][\/et_pb_row][et_pb_row custom_padding=&#8220;16px|20px|0px|20px|false|true&#8220; _builder_version=&#8220;3.17.6&#8243; background_color=&#8220;#ffffff&#8220; border_color_all=&#8220;rgba(0,0,0,0.1)&#8220; border_width_top=&#8220;1px&#8220; locked=&#8220;off&#8220;][et_pb_column type=&#8220;1_4&#8243; _builder_version=&#8220;3.9&#8243;][et_pb_image src=&#8220;https:\/\/parkingleiden.com\/wp-content\/uploads\/2018\/12\/holiday-inn.jpg&#8220; _builder_version=&#8220;3.17.6&#8243; custom_padding=&#8220;10px||10px||true&#8220;][\/et_pb_image][\/et_pb_column][et_pb_column type=&#8220;3_4&#8243; _builder_version=&#8220;3.9&#8243;][et_pb_text _builder_version=&#8220;3.19.13&#8243; text_font=&#8220;||||||||&#8220; text_font_size=&#8220;16px&#8220; text_line_height=&#8220;2em&#8220; link_font=&#8220;||||||||&#8220; link_text_color=&#8220;#ff5b0c&#8220; header_font=&#8220;||||||||&#8220; header_2_font=&#8220;Montserrat|700|||||||&#8220; header_2_font_size=&#8220;36px&#8220; header_2_font_size_tablet=&#8220;26px&#8220; header_2_font_size_phone=&#8220;20px&#8220; header_2_font_size_last_edited=&#8220;on|phone&#8220; header_2_line_height=&#8220;1.4em&#8220; header_4_font=&#8220;Montserrat||||||||&#8220; header_4_font_size=&#8220;16px&#8220; max_width=&#8220;700px&#8220; custom_margin=&#8220;||-23px&#8220; custom_padding=&#8220;||23px&#8220; locked=&#8220;off&#8220;]<\/p>\n<h2><span>Holiday Inn Leiden<\/span><\/h2>\n<p>Dieses Holiday Inn befindet sich am Rande von Leiden in der N\u00e4he der Autobahn A44 von Amsterdam nach Den Haag. Das Hotel verf\u00fcgt \u00fcber ein eigenes Hallenbad und eine Sauna. Zum Flughafen Amsterdam Schiphol gelangen Sie in 20 Fahrminuten.<strong><br \/> <\/strong><\/p>\n<p>[\/et_pb_text][et_pb_text _builder_version=&#8220;3.17.6&#8243; text_font=&#8220;Montserrat|700|||||||&#8220; text_text_color=&#8220;#ff5b0c&#8220; text_font_size=&#8220;20px&#8220; text_font_size_phone=&#8220;28px&#8220; text_font_size_last_edited=&#8220;off|desktop&#8220; text_line_height=&#8220;1.8em&#8220; ul_font=&#8220;||||||||&#8220; ol_font=&#8220;||||||||&#8220; header_font=&#8220;||||||||&#8220; header_2_font=&#8220;||||||||&#8220; header_3_font=&#8220;||||||||&#8220; header_4_font=&#8220;||||||||&#8220; header_5_font=&#8220;||||||||&#8220; header_6_font=&#8220;||||||||&#8220; custom_margin=&#8220;|||&#8220; locked=&#8220;off&#8220;][\/et_pb_text][\/et_pb_column][\/et_pb_row][et_pb_row custom_padding=&#8220;11px|20px|0px|20px|false|true&#8220; _builder_version=&#8220;3.17.6&#8243; background_color=&#8220;#ffffff&#8220; border_color_all=&#8220;rgba(0,0,0,0.1)&#8220; border_width_top=&#8220;1px&#8220; locked=&#8220;off&#8220;][et_pb_column type=&#8220;1_4&#8243; _builder_version=&#8220;3.9&#8243;][et_pb_image src=&#8220;https:\/\/parkingleiden.com\/wp-content\/uploads\/2018\/12\/vd-valk.jpg&#8220; _builder_version=&#8220;3.17.6&#8243; custom_padding=&#8220;10px||10px||true&#8220;][\/et_pb_image][\/et_pb_column][et_pb_column type=&#8220;3_4&#8243; _builder_version=&#8220;3.9&#8243;][et_pb_text _builder_version=&#8220;3.19.13&#8243; text_font=&#8220;||||||||&#8220; text_font_size=&#8220;16px&#8220; text_line_height=&#8220;2em&#8220; link_font=&#8220;||||||||&#8220; link_text_color=&#8220;#ff5b0c&#8220; header_font=&#8220;||||||||&#8220; header_2_font=&#8220;Montserrat|700|||||||&#8220; header_2_font_size=&#8220;36px&#8220; header_2_font_size_tablet=&#8220;26px&#8220; header_2_font_size_phone=&#8220;20px&#8220; header_2_font_size_last_edited=&#8220;on|phone&#8220; header_2_line_height=&#8220;1.4em&#8220; header_4_font=&#8220;Montserrat||||||||&#8220; header_4_font_size=&#8220;16px&#8220; max_width=&#8220;700px&#8220; custom_margin=&#8220;||-23px&#8220; custom_padding=&#8220;||23px&#8220; locked=&#8220;off&#8220;]<\/p>\n<h2><span>Van der Valk Hotel Leiden<\/span><\/h2>\n<p>Dieses Van der Valk Hotel bietet ger\u00e4umige Zimmer in einer ruhigen Umgebung neben dem Oude Rijn, eine 10-min\u00fctige Fahrt vom Herzen von Leiden entfernt.<strong><br \/> <\/strong><\/p>\n<p>[\/et_pb_text][et_pb_text _builder_version=&#8220;3.17.6&#8243; text_font=&#8220;Montserrat|700|||||||&#8220; text_text_color=&#8220;#ff5b0c&#8220; text_font_size=&#8220;20px&#8220; text_font_size_phone=&#8220;28px&#8220; text_font_size_last_edited=&#8220;off|desktop&#8220; text_line_height=&#8220;1.8em&#8220; ul_font=&#8220;||||||||&#8220; ol_font=&#8220;||||||||&#8220; header_font=&#8220;||||||||&#8220; header_2_font=&#8220;||||||||&#8220; header_3_font=&#8220;||||||||&#8220; header_4_font=&#8220;||||||||&#8220; header_5_font=&#8220;||||||||&#8220; header_6_font=&#8220;||||||||&#8220; custom_margin=&#8220;|||&#8220; locked=&#8220;off&#8220;][\/et_pb_text][\/et_pb_column][\/et_pb_row][\/et_pb_section]<\/p>\n","protected":false},"excerpt":{"rendered":"<p>Boutique Hotel Rembrandt Das Boutique Hotel Rembrandt befindet sich im historischen Zentrum von Leiden. Entdecken Sie diese lebendige Universit\u00e4tsstadt von diesem komfortablen Hotel mit seinen gepflegten Zimmern. Holiday Inn Leiden Dieses Holiday Inn befindet sich am Rande von Leiden in der N\u00e4he der Autobahn A44 von Amsterdam nach Den Haag. Das Hotel verf\u00fcgt \u00fcber ein [&hellip;]<\/p>\n","protected":false},"author":1,"featured_media":0,"parent":0,"menu_order":0,"comment_status":"closed","ping_status":"closed","template":"","meta":{"_et_pb_use_builder":"on","_et_pb_old_content":"","_et_gb_content_width":"","_monsterinsights_skip_tracking":false,"_monsterinsights_sitenote_active":false,"_monsterinsights_sitenote_note":"","_monsterinsights_sitenote_category":0,"footnotes":""},"class_list":["post-718","page","type-page","status-publish","hentry"],"_links":{"self":[{"href":"https:\/\/parkingleiden.com\/de\/wp-json\/wp\/v2\/pages\/718","targetHints":{"allow":["GET"]}}],"collection":[{"href":"https:\/\/parkingleiden.com\/de\/wp-json\/wp\/v2\/pages"}],"about":[{"href":"https:\/\/parkingleiden.com\/de\/wp-json\/wp\/v2\/types\/page"}],"author":[{"embeddable":true,"href":"https:\/\/parkingleiden.com\/de\/wp-json\/wp\/v2\/users\/1"}],"replies":[{"embeddable":true,"href":"https:\/\/parkingleiden.com\/de\/wp-json\/wp\/v2\/comments?post=718"}],"version-history":[{"count":2,"href":"https:\/\/parkingleiden.com\/de\/wp-json\/wp\/v2\/pages\/718\/revisions"}],"predecessor-version":[{"id":846,"href":"https:\/\/parkingleiden.com\/de\/wp-json\/wp\/v2\/pages\/718\/revisions\/846"}],"wp:attachment":[{"href":"https:\/\/parkingleiden.com\/de\/wp-json\/wp\/v2\/media?parent=718"}],"curies":[{"name":"wp","href":"https:\/\/api.w.org\/{rel}","templated":true}]}}