{"id":710,"date":"2019-05-06T08:15:15","date_gmt":"2019-05-06T08:15:15","guid":{"rendered":"https:\/\/parkingleiden.com\/?page_id=710"},"modified":"2019-05-06T13:41:49","modified_gmt":"2019-05-06T13:41:49","slug":"going-out-in-leiden","status":"publish","type":"page","link":"https:\/\/parkingleiden.com\/de\/going-out-in-leiden\/","title":{"rendered":"GOING OUT IN LEIDEN"},"content":{"rendered":"<p>[et_pb_section fb_built=&#8220;1&#8243; admin_label=&#8220;Service Details&#8220; _builder_version=&#8220;3.17.6&#8243; use_background_color_gradient=&#8220;on&#8220; background_color_gradient_start=&#8220;#ffffff&#8220; background_color_gradient_end=&#8220;#f1f5f9&#8243; background_image=&#8220;https:\/\/parkingleiden.com\/wp-content\/uploads\/2018\/12\/night.png&#8220; parallax=&#8220;on&#8220; parallax_method=&#8220;off&#8220; locked=&#8220;off&#8220;][et_pb_row custom_padding=&#8220;0|0px|0|0px|false|false&#8220; _builder_version=&#8220;3.17.6&#8243;][et_pb_column type=&#8220;4_4&#8243; _builder_version=&#8220;3.0.47&#8243;][et_pb_divider show_divider=&#8220;off&#8220; _builder_version=&#8220;3.17.6&#8243;][\/et_pb_divider][\/et_pb_column][\/et_pb_row][et_pb_row custom_padding=&#8220;5%|5%|5%|5%|true|true&#8220; _builder_version=&#8220;3.17.6&#8243; background_color=&#8220;#ffffff&#8220; border_color_all=&#8220;rgba(0,0,0,0.1)&#8220; border_width_top=&#8220;1px&#8220; locked=&#8220;off&#8220;][et_pb_column type=&#8220;4_4&#8243; _builder_version=&#8220;3.0.47&#8243;][et_pb_text _builder_version=&#8220;3.19.13&#8243; text_font=&#8220;Montserrat|700|||||||&#8220; text_text_color=&#8220;#ff5b0c&#8220; text_font_size=&#8220;20px&#8220; text_font_size_phone=&#8220;28px&#8220; text_font_size_last_edited=&#8220;off|desktop&#8220; text_line_height=&#8220;1.8em&#8220; ul_font=&#8220;||||||||&#8220; ol_font=&#8220;||||||||&#8220; header_font=&#8220;||||||||&#8220; header_2_font=&#8220;||||||||&#8220; header_3_font=&#8220;||||||||&#8220; header_4_font=&#8220;||||||||&#8220; header_5_font=&#8220;||||||||&#8220; header_6_font=&#8220;||||||||&#8220; custom_margin=&#8220;|||&#8220; locked=&#8220;off&#8220;]<\/p>\n<h2 style=\"text-align: left;\"><strong><\/strong><\/h2>\n<h2 style=\"text-align: left;\"><strong>AUSGEHEN IN LEIDEN<\/strong><\/h2>\n<p>[\/et_pb_text][et_pb_text _builder_version=&#8220;3.19.13&#8243; text_font=&#8220;||||||||&#8220; text_font_size=&#8220;16px&#8220; header_font=&#8220;||||||||&#8220;]<\/p>\n<p>Leiden ist eine Studentenstadt und das bedeutet, dass es viele gastronomische Einrichtungen gibt, in denen Sie trinken und tanzen k\u00f6nnen. Die folgenden Caf\u00e9s, Terrassen und Clubs sollten beachtet werden, wenn Sie einen Abend in Leiden verbringen m\u00f6chten.<\/p>\n<p>[\/et_pb_text][et_pb_image src=&#8220;https:\/\/parkingleiden.com\/wp-content\/uploads\/2018\/12\/out.jpg&#8220; force_fullwidth=&#8220;on&#8220; _builder_version=&#8220;3.17.6&#8243;][\/et_pb_image][et_pb_text _builder_version=&#8220;3.19.13&#8243; text_font=&#8220;||||||||&#8220; text_font_size=&#8220;16px&#8220; text_line_height=&#8220;2em&#8220; link_font=&#8220;||||||||&#8220; link_text_color=&#8220;#ff5b0c&#8220; header_font=&#8220;||||||||&#8220; header_2_font=&#8220;Montserrat|700|||||||&#8220; header_2_font_size=&#8220;36px&#8220; header_2_font_size_tablet=&#8220;26px&#8220; header_2_font_size_phone=&#8220;20px&#8220; header_2_font_size_last_edited=&#8220;on|phone&#8220; header_2_line_height=&#8220;1.4em&#8220; header_4_font=&#8220;Montserrat||||||||&#8220; header_4_font_size=&#8220;16px&#8220; max_width=&#8220;700px&#8220; custom_margin=&#8220;14px||-23px|8px&#8220; custom_padding=&#8220;||23px&#8220; locked=&#8220;off&#8220;]<\/p>\n<p><strong>Caf\u00e9s <\/strong><\/p>\n<p><strong>Caf\u00e9 Einstein <\/strong><br \/>Das nach dem bekannten Professor an der Universit\u00e4t Leiden benannte Caf\u00e9 bietet tags\u00fcber ein Terrassenboot in der Sonne und abends ein lebhaftes Caf\u00e9. Sie k\u00f6nnen hier auch zu Mittag oder zu Abend essen.<\/p>\n<p>Adresse: Nieuwe Rijn 19<\/p>\n<p><strong>Die Uyl van Hoogland<\/strong><br \/> Neben der Hooglandse Kerk liegt die &#8222;Eule&#8220;. Die Bar besteht aus alten Klosterteilen und der Innenraum ist mit &#8211; wie k\u00f6nnte es anders sein &#8211; mit vielen Eulen geschm\u00fcckt.<\/p>\n<p>Adresse: Nieuwstraat 28<\/p>\n<p><strong>Caf\u00e9 Olivier<\/strong><br \/> Ein gem\u00fctliches belgisches Biercaf\u00e9 befindet sich im ehemaligen Krankenhaus auf der Hooigracht. Neben leckeren Gerichten organisiert das Caf\u00e9 regelm\u00e4\u00dfig ein Pub-Quiz, Tanzabende und Live-Auftritte.<\/p>\n<p>Adresse: Hooigracht 23<\/p>\n<p><strong>Nordende<\/strong><br \/> Ein Dutzend Bier vom Fass und mehr als zweihundert Whiskys in typisch englischer Atmosph\u00e4re. Adresse: Noordeinde 55<\/p>\n<p><strong> Barrera<\/strong> <br \/>Das ber\u00fchmteste Studentencaf\u00e9 der Stadt ist Barrera. Neben Studenten kommen viele Leidener und Tagestouristen hierher, um zu essen und zu trinken. Im Sommer haben sie eine kleine, aber angenehme Terrasse in der Sonne.<\/p>\n<p>Adresse: Rapenburg 56<\/p>\n<p><strong>De Kroeg (Die Kneipe) <\/strong><br \/>Der Name dieses Caf\u00e9s k\u00fcmmert sich nicht darum. De Kroeg ist ein Pub mit Musik, Bier und Wein.<\/p>\n<p>Adresse: Kort Rapenburg 4<\/p>\n<p><strong>Caf\u00e9 Roebels<\/strong><br \/> In diesem gem\u00fctlichen Studentencaf\u00e9 herrscht eine gem\u00fctliche Atmosph\u00e4re, und die Sch\u00fcler plaudern oft ein oder zwei Stunden mit der Bar.<\/p>\n<p>Adresse: Choorsteeg 24<\/p>\n<p><strong> Odessa<\/strong><br \/> Es gibt eine alternative Atmosph\u00e4re in Odessa, aber es ist nie ruhig. Besonders ausl\u00e4ndische Studenten kommen gerne hierher und am Freitag bestimmen die weiblichen Besucher, welche Musik gespielt wird.<\/p>\n<p>Adresse: Hogewoerd 18<\/p>\n<p><strong> Terrassen<\/strong><br \/> Das Rathaus Hinter dem Rathaus in der Breestraat befindet sich ein gro\u00dfer Platz, den das Rathaus dankbar benutzt.<\/p>\n<p>Adresse: Stadhuisplein 3<\/p>\n<p><strong> Terrassenboote<\/strong><br \/> Entlang des Nieuwe Rijn gibt es mehrere Boote, die als Terrassen dienen. Hier k\u00f6nnen Sie Stunden in der Sonne verbringen und die vorbeifahrenden Boote und Menschen beobachten.<\/p>\n<p>Adresse: Nieuwe Rijn<\/p>\n<p><strong> Brasserie De Poort<\/strong><br \/> Ein wunderbarer Ort zum Mittag- und Abendessen sowie f\u00fcr ein Getr\u00e4nk. Die Boote segeln vorbei, w\u00e4hrend Sie mit einem guten Glas in der Sonne sitzen, im Hintergrund das monumentale Stadttor.<\/p>\n<p>Adresse: Port 100<\/p>\n<p><strong> Annies<\/strong> <br \/>Die Terrasse von Annie&#8217;s liegt am Wasser, wo der Neue Rhein und der Oude Rijn zusammenkommen. Im Sommer k\u00f6nnen Sie Ihre Augen sehen, wenn Hunderte von Booten und Schleppern vorbeifahren.<\/p>\n<p>Adresse: Hoogstraat 1a<\/p>\n<p><strong> Van der Werff<\/strong><br \/> Vom Bahnhof gehen Sie geradeaus nach Leiden und Sie kommen an dem Van der Werff Stadtcaf\u00e9 zu Ihrer Linken vorbei. Sie k\u00f6nnen hier zu Mittag essen, zu Abend essen oder trinken und bei gutem Wetter k\u00f6nnen Sie hier auf der Terrasse sitzen.<\/p>\n<p>Adresse: Steenstraat 2<\/p>\n<p><strong>Clubs<\/strong><\/p>\n<p><strong> NEXT Leiden<br \/><\/strong><span style=\"font-size: 16px;\">F\u00fc\u00dfe weg vom Boden! In dieser Studentendisco k\u00f6nnen Sie bis zum fr\u00fchen Morgen tanzen. Adresse: Langebrug 6 Tanzsalon in Casa Ist besonders bekannt f\u00fcr die regelm\u00e4\u00dfig wechselnden Themenpartys. <\/span><\/p>\n<p><span style=\"font-size: 16px;\">Adresse: Lammermarkt 100<\/span><\/p>\n<p><span style=\"font-size: 16px;\"><strong>Tanzsalon in Casa<\/strong><\/span><\/p>\n<p><span style=\"font-size: 16px;\"> Ist besonders bekannt f\u00fcr die regelm\u00e4\u00dfig wechselnden Themenpartys. <\/span><\/p>\n<p><span style=\"font-size: 16px;\">Adresse: Lammermarkt 100<\/span><\/p>\n<p>&nbsp;<\/p>\n<p>&nbsp;<\/p>\n<p>[\/et_pb_text][et_pb_text _builder_version=&#8220;3.17.6&#8243; text_font=&#8220;Montserrat|700|||||||&#8220; text_text_color=&#8220;#ff5b0c&#8220; text_font_size=&#8220;20px&#8220; text_font_size_phone=&#8220;28px&#8220; text_font_size_last_edited=&#8220;off|desktop&#8220; text_line_height=&#8220;1.8em&#8220; ul_font=&#8220;||||||||&#8220; ol_font=&#8220;||||||||&#8220; header_font=&#8220;||||||||&#8220; header_2_font=&#8220;||||||||&#8220; header_3_font=&#8220;||||||||&#8220; header_4_font=&#8220;||||||||&#8220; header_5_font=&#8220;||||||||&#8220; header_6_font=&#8220;||||||||&#8220; custom_margin=&#8220;|||&#8220; locked=&#8220;off&#8220;][\/et_pb_text][\/et_pb_column][\/et_pb_row][\/et_pb_section]<\/p>\n","protected":false},"excerpt":{"rendered":"<p>AUSGEHEN IN LEIDEN Leiden ist eine Studentenstadt und das bedeutet, dass es viele gastronomische Einrichtungen gibt, in denen Sie trinken und tanzen k\u00f6nnen. Die folgenden Caf\u00e9s, Terrassen und Clubs sollten beachtet werden, wenn Sie einen Abend in Leiden verbringen m\u00f6chten. Caf\u00e9s Caf\u00e9 Einstein Das nach dem bekannten Professor an der Universit\u00e4t Leiden benannte Caf\u00e9 bietet [&hellip;]<\/p>\n","protected":false},"author":1,"featured_media":0,"parent":0,"menu_order":0,"comment_status":"closed","ping_status":"closed","template":"","meta":{"_et_pb_use_builder":"on","_et_pb_old_content":"","_et_gb_content_width":"","_monsterinsights_skip_tracking":false,"_monsterinsights_sitenote_active":false,"_monsterinsights_sitenote_note":"","_monsterinsights_sitenote_category":0,"footnotes":""},"class_list":["post-710","page","type-page","status-publish","hentry"],"_links":{"self":[{"href":"https:\/\/parkingleiden.com\/de\/wp-json\/wp\/v2\/pages\/710","targetHints":{"allow":["GET"]}}],"collection":[{"href":"https:\/\/parkingleiden.com\/de\/wp-json\/wp\/v2\/pages"}],"about":[{"href":"https:\/\/parkingleiden.com\/de\/wp-json\/wp\/v2\/types\/page"}],"author":[{"embeddable":true,"href":"https:\/\/parkingleiden.com\/de\/wp-json\/wp\/v2\/users\/1"}],"replies":[{"embeddable":true,"href":"https:\/\/parkingleiden.com\/de\/wp-json\/wp\/v2\/comments?post=710"}],"version-history":[{"count":2,"href":"https:\/\/parkingleiden.com\/de\/wp-json\/wp\/v2\/pages\/710\/revisions"}],"predecessor-version":[{"id":844,"href":"https:\/\/parkingleiden.com\/de\/wp-json\/wp\/v2\/pages\/710\/revisions\/844"}],"wp:attachment":[{"href":"https:\/\/parkingleiden.com\/de\/wp-json\/wp\/v2\/media?parent=710"}],"curies":[{"name":"wp","href":"https:\/\/api.w.org\/{rel}","templated":true}]}}