{"id":702,"date":"2019-05-06T08:13:43","date_gmt":"2019-05-06T08:13:43","guid":{"rendered":"https:\/\/parkingleiden.com\/?page_id=702"},"modified":"2019-05-06T13:31:21","modified_gmt":"2019-05-06T13:31:21","slug":"shopping","status":"publish","type":"page","link":"https:\/\/parkingleiden.com\/de\/shopping\/","title":{"rendered":"shopping"},"content":{"rendered":"<p>[et_pb_section fb_built=&#8220;1&#8243; admin_label=&#8220;Service Details&#8220; _builder_version=&#8220;3.17.6&#8243; use_background_color_gradient=&#8220;on&#8220; background_color_gradient_start=&#8220;#ffffff&#8220; background_color_gradient_end=&#8220;#f1f5f9&#8243; background_image=&#8220;https:\/\/parkingleiden.com\/wp-content\/uploads\/2018\/12\/shopping.jpg&#8220; parallax=&#8220;on&#8220; parallax_method=&#8220;off&#8220; locked=&#8220;off&#8220;][et_pb_row custom_padding=&#8220;0|0px|0|0px|false|false&#8220; _builder_version=&#8220;3.17.6&#8243;][et_pb_column type=&#8220;4_4&#8243; _builder_version=&#8220;3.17.6&#8243;][et_pb_divider show_divider=&#8220;off&#8220; _builder_version=&#8220;3.17.6&#8243;][\/et_pb_divider][\/et_pb_column][\/et_pb_row][et_pb_row custom_padding=&#8220;5%|5%|5%|5%|true|true&#8220; custom_padding_last_edited=&#8220;on|phone&#8220; _builder_version=&#8220;3.17.6&#8243; background_color=&#8220;#ffffff&#8220; border_color_all=&#8220;rgba(0,0,0,0.1)&#8220; border_width_top=&#8220;1px&#8220; locked=&#8220;off&#8220;][et_pb_column type=&#8220;4_4&#8243; _builder_version=&#8220;3.0.47&#8243;][et_pb_text _builder_version=&#8220;3.17.6&#8243; text_font=&#8220;Montserrat|700|||||||&#8220; text_text_color=&#8220;#ff5b0c&#8220; text_font_size=&#8220;20px&#8220; text_font_size_phone=&#8220;28px&#8220; text_font_size_last_edited=&#8220;off|desktop&#8220; text_line_height=&#8220;1.8em&#8220; ul_font=&#8220;||||||||&#8220; ol_font=&#8220;||||||||&#8220; header_font=&#8220;||||||||&#8220; header_2_font=&#8220;||||||||&#8220; header_3_font=&#8220;||||||||&#8220; header_4_font=&#8220;||||||||&#8220; header_5_font=&#8220;||||||||&#8220; header_6_font=&#8220;||||||||&#8220; custom_margin=&#8220;|||&#8220; locked=&#8220;off&#8220;]<\/p>\n<h2 style=\"text-align: left;\"><strong>SHOPPING IN LEIDEN<\/strong><\/h2>\n<p>[\/et_pb_text][et_pb_text _builder_version=&#8220;3.19.13&#8243; text_font=&#8220;||||||||&#8220; text_font_size=&#8220;16px&#8220; header_font=&#8220;||||||||&#8220;]<\/p>\n<p>Leiden hat ein gem\u00fctliches Stadtzentrum mit einigen gro\u00dfen Einkaufsstra\u00dfen und Dutzenden versteckter Boutiquen, Fachgesch\u00e4ften und Schmuckl\u00e4den. Wenn Sie am Samstag einkaufen, k\u00f6nnen Sie auch den gem\u00fctlichen Samstagmarkt entlang des Nieuwe Rijn besuchen.<\/p>\n<p>[\/et_pb_text][et_pb_image src=&#8220;https:\/\/parkingleiden.com\/wp-content\/uploads\/2018\/12\/shop.jpg&#8220; force_fullwidth=&#8220;on&#8220; _builder_version=&#8220;3.17.6&#8243;][\/et_pb_image][et_pb_text _builder_version=&#8220;3.19.13&#8243; text_font=&#8220;||||||||&#8220; text_font_size=&#8220;16px&#8220;]<\/p>\n<p>Kaufen Sie bei den gro\u00dfen Ketten in der Haarlemmerstraat ein. Auf der Suche nach Vintage und Galerien? Lassen Sie das Pieterskwartier nicht aus. In der Breestraat k\u00f6nnen Sie spezielle Weine, B\u00fccher und Antiquit\u00e4ten kaufen.<\/p>\n<p>Die gro\u00dfen Einkaufsstra\u00dfen von Leiden Die Haarlemmerstraat ist die Haupteinkaufsstra\u00dfe von Leiden. Hier finden Sie eine bunte Sammlung von Gesch\u00e4ften f\u00fcr Kleidung, Schmuck, Spielwaren, Schuhe, Elektronik und Sportger\u00e4te. Neben gro\u00dfen Marken bieten Fachgesch\u00e4fte Leder, Kinderbekleidung und Kaffee an.<\/p>\n<p>Eine weitere gro\u00dfe Einkaufsstra\u00dfe ist die Breestraat, wo Sie bei Caterern, Weinhandlungen, Buchhandlungen und Antiquit\u00e4tenh\u00e4ndlern einkaufen k\u00f6nnen. Entlang des Nieuwe Rijn und des Botermarkts befinden sich zahlreiche Gesch\u00e4fte mit den neuesten Trends im Bereich der Wohnk\u00fcche.<\/p>\n<p>Bummeln Sie durch die Innenstadt Das Pieterskwartier ist ein idyllisches Viertel in der Altstadt von Leiden. Spazieren Sie durch die zahlreichen Gassen und Stra\u00dfen der Pieterskerk. Second-Hand-L\u00e4den, H\u00f6fe, Restaurants, Caf\u00e9s, Antiquit\u00e4tenh\u00e4ndler, Kunstgesch\u00e4fte, Galerien und vieles mehr sind im Pieterskwartier versteckt. Sie wissen nie, was Sie um die Ecke finden. Auch die Doezastraat ist einen Spaziergang wert.<\/p>\n<p>[\/et_pb_text][et_pb_text _builder_version=&#8220;3.17.6&#8243; text_font=&#8220;Montserrat|700|||||||&#8220; text_text_color=&#8220;#ff5b0c&#8220; text_font_size=&#8220;20px&#8220; text_font_size_phone=&#8220;28px&#8220; text_font_size_last_edited=&#8220;off|desktop&#8220; text_line_height=&#8220;1.8em&#8220; ul_font=&#8220;||||||||&#8220; ol_font=&#8220;||||||||&#8220; header_font=&#8220;||||||||&#8220; header_2_font=&#8220;||||||||&#8220; header_3_font=&#8220;||||||||&#8220; header_4_font=&#8220;||||||||&#8220; header_5_font=&#8220;||||||||&#8220; header_6_font=&#8220;||||||||&#8220; custom_margin=&#8220;|||&#8220; locked=&#8220;off&#8220;][\/et_pb_text][\/et_pb_column][\/et_pb_row][\/et_pb_section]<\/p>\n","protected":false},"excerpt":{"rendered":"<p>SHOPPING IN LEIDENLeiden hat ein gem\u00fctliches Stadtzentrum mit einigen gro\u00dfen Einkaufsstra\u00dfen und Dutzenden versteckter Boutiquen, Fachgesch\u00e4ften und Schmuckl\u00e4den. Wenn Sie am Samstag einkaufen, k\u00f6nnen Sie auch den gem\u00fctlichen Samstagmarkt entlang des Nieuwe Rijn besuchen. Kaufen Sie bei den gro\u00dfen Ketten in der Haarlemmerstraat ein. Auf der Suche nach Vintage und Galerien? Lassen Sie das Pieterskwartier [&hellip;]<\/p>\n","protected":false},"author":1,"featured_media":0,"parent":0,"menu_order":0,"comment_status":"closed","ping_status":"closed","template":"","meta":{"_et_pb_use_builder":"on","_et_pb_old_content":"","_et_gb_content_width":"","_monsterinsights_skip_tracking":false,"_monsterinsights_sitenote_active":false,"_monsterinsights_sitenote_note":"","_monsterinsights_sitenote_category":0,"footnotes":""},"class_list":["post-702","page","type-page","status-publish","hentry"],"_links":{"self":[{"href":"https:\/\/parkingleiden.com\/de\/wp-json\/wp\/v2\/pages\/702","targetHints":{"allow":["GET"]}}],"collection":[{"href":"https:\/\/parkingleiden.com\/de\/wp-json\/wp\/v2\/pages"}],"about":[{"href":"https:\/\/parkingleiden.com\/de\/wp-json\/wp\/v2\/types\/page"}],"author":[{"embeddable":true,"href":"https:\/\/parkingleiden.com\/de\/wp-json\/wp\/v2\/users\/1"}],"replies":[{"embeddable":true,"href":"https:\/\/parkingleiden.com\/de\/wp-json\/wp\/v2\/comments?post=702"}],"version-history":[{"count":2,"href":"https:\/\/parkingleiden.com\/de\/wp-json\/wp\/v2\/pages\/702\/revisions"}],"predecessor-version":[{"id":842,"href":"https:\/\/parkingleiden.com\/de\/wp-json\/wp\/v2\/pages\/702\/revisions\/842"}],"wp:attachment":[{"href":"https:\/\/parkingleiden.com\/de\/wp-json\/wp\/v2\/media?parent=702"}],"curies":[{"name":"wp","href":"https:\/\/api.w.org\/{rel}","templated":true}]}}