{"id":692,"date":"2019-05-06T08:08:27","date_gmt":"2019-05-06T08:08:27","guid":{"rendered":"https:\/\/parkingleiden.com\/?page_id=692"},"modified":"2019-06-07T09:26:44","modified_gmt":"2019-06-07T09:26:44","slug":"partners","status":"publish","type":"page","link":"https:\/\/parkingleiden.com\/de\/partners\/","title":{"rendered":"Partners"},"content":{"rendered":"<p>[et_pb_section fb_built=&#8220;1&#8243; _builder_version=&#8220;3.17.6&#8243; custom_padding=&#8220;3px|0px|0|0px|false|false&#8220;][et_pb_row make_fullwidth=&#8220;on&#8220; use_custom_gutter=&#8220;on&#8220; gutter_width=&#8220;1&#8243; custom_padding=&#8220;7px||7px||true|false&#8220; make_equal=&#8220;on&#8220; background_color_1=&#8220;#0c71c3&#8243; padding_top_bottom_link_1=&#8220;true&#8220; padding_left_right_link_1=&#8220;true&#8220; background_size_1=&#8220;initial&#8220; background_position_1=&#8220;bottom_left&#8220; background_blend_1=&#8220;multiply&#8220; padding_top_1=&#8220;6vw&#8220; padding_right_1=&#8220;6%&#8220; padding_bottom_1=&#8220;6vw&#8220; padding_left_1=&#8220;6%&#8220; padding_1_tablet=&#8220;|10%||10%||true&#8220; padding_1_phone=&#8220;|||&#8220; padding_1_last_edited=&#8220;on|desktop&#8220; _builder_version=&#8220;3.17.6&#8243; background_color=&#8220;#ffffff&#8220; background_image=&#8220;https:\/\/parkingleiden.com\/wp-content\/uploads\/2018\/12\/easy.png&#8220; background_size=&#8220;contain&#8220; background_position=&#8220;center_right&#8220;][et_pb_column type=&#8220;1_2&#8243; _builder_version=&#8220;3.9&#8243;][et_pb_text ul_type=&#8220;circle&#8220; _builder_version=&#8220;3.19.13&#8243; text_font=&#8220;||||||||&#8220; ul_font=&#8220;||||||||&#8220; ul_font_size=&#8220;18px&#8220; ul_line_height=&#8220;2em&#8220; header_font=&#8220;Montserrat|700|||||||&#8220; header_font_size=&#8220;50px&#8220; header_font_size_tablet=&#8220;40px&#8220; header_font_size_phone=&#8220;24px&#8220; header_font_size_last_edited=&#8220;on|phone&#8220; header_line_height=&#8220;1.2em&#8220; header_2_font=&#8220;Montserrat|700|||||||&#8220; header_2_font_size=&#8220;37px&#8220; header_2_font_size_phone=&#8220;22px&#8220; header_2_font_size_last_edited=&#8220;on|phone&#8220; background_layout=&#8220;dark&#8220;]<\/p>\n<h2>EASY FIETS<\/h2>\n<h2>Auto geparkt?<\/h2>\n<p>&nbsp;<\/p>\n<p>Weiter mit dem Fahrrad! F\u00fcr nur 7,20 \u20ac (Nichtparker 9 \u20ac) mieten Sie ein Fahrrad bei EasyFiets. Gehen Sie entspannt in die Stadt, gehen Sie zum Strand oder machen Sie eine Tour rund um die Kaag. Sie k\u00f6nnen das Fahrrad bis 24:00 Uhr zur\u00fcckbringen, damit Sie nicht eilen m\u00fcssen. Tagesausflug Leiden: Parken Sie Ihr Auto im Stadsparkeerplan und leihen Sie sich ein Fahrrad bei EasyFiets!<\/p>\n<p>[\/et_pb_text][et_pb_text _builder_version=&#8220;3.17.6&#8243; text_font=&#8220;Montserrat|700|||||||&#8220; text_font_size=&#8220;40px&#8220; text_font_size_phone=&#8220;28px&#8220; text_font_size_last_edited=&#8220;on|phone&#8220; text_line_height=&#8220;1.8em&#8220; header_font=&#8220;||||||||&#8220; background_layout=&#8220;dark&#8220; custom_margin=&#8220;|||&#8220;]<\/p>\n<h2><\/h2>\n<p>[\/et_pb_text][et_pb_button button_url=&#8220;https:\/\/www.easyfiets.nl\/en\/&#8220; button_text=&#8220;INFORMATIONEN BEKOMMEN&#8220; _builder_version=&#8220;3.19.13&#8243; custom_button=&#8220;on&#8220; button_text_size=&#8220;16px&#8220; button_text_color=&#8220;#2a2a2a&#8220; button_bg_color=&#8220;#ffffff&#8220; button_border_width=&#8220;10px&#8220; button_border_color=&#8220;#ffffff&#8220; button_letter_spacing=&#8220;2px&#8220; button_font=&#8220;Montserrat|700|||||||&#8220; button_icon=&#8220;%%3%%&#8220; custom_margin=&#8220;20px||20px||true&#8220; button_text_size__hover_enabled=&#8220;off&#8220; button_one_text_size__hover_enabled=&#8220;off&#8220; button_two_text_size__hover_enabled=&#8220;off&#8220; button_text_color__hover_enabled=&#8220;off&#8220; button_one_text_color__hover_enabled=&#8220;off&#8220; button_two_text_color__hover_enabled=&#8220;off&#8220; button_border_width__hover_enabled=&#8220;off&#8220; button_one_border_width__hover_enabled=&#8220;off&#8220; button_two_border_width__hover_enabled=&#8220;off&#8220; button_border_color__hover_enabled=&#8220;off&#8220; button_one_border_color__hover_enabled=&#8220;off&#8220; button_two_border_color__hover_enabled=&#8220;off&#8220; button_border_radius__hover_enabled=&#8220;off&#8220; button_one_border_radius__hover_enabled=&#8220;off&#8220; button_two_border_radius__hover_enabled=&#8220;off&#8220; button_letter_spacing__hover_enabled=&#8220;off&#8220; button_one_letter_spacing__hover_enabled=&#8220;off&#8220; button_two_letter_spacing__hover_enabled=&#8220;off&#8220; button_bg_color__hover_enabled=&#8220;off&#8220; button_one_bg_color__hover_enabled=&#8220;off&#8220; button_two_bg_color__hover_enabled=&#8220;off&#8220;][\/et_pb_button][\/et_pb_column][et_pb_column type=&#8220;1_2&#8243; _builder_version=&#8220;3.9&#8243;][\/et_pb_column][\/et_pb_row][\/et_pb_section]<\/p>\n","protected":false},"excerpt":{"rendered":"<p>EASY FIETS Auto geparkt? &nbsp; Weiter mit dem Fahrrad! F\u00fcr nur 7,20 \u20ac (Nichtparker 9 \u20ac) mieten Sie ein Fahrrad bei EasyFiets. Gehen Sie entspannt in die Stadt, gehen Sie zum Strand oder machen Sie eine Tour rund um die Kaag. Sie k\u00f6nnen das Fahrrad bis 24:00 Uhr zur\u00fcckbringen, damit Sie nicht eilen m\u00fcssen. Tagesausflug [&hellip;]<\/p>\n","protected":false},"author":1,"featured_media":0,"parent":0,"menu_order":0,"comment_status":"closed","ping_status":"closed","template":"","meta":{"_et_pb_use_builder":"on","_et_pb_old_content":"","_et_gb_content_width":"","_monsterinsights_skip_tracking":false,"_monsterinsights_sitenote_active":false,"_monsterinsights_sitenote_note":"","_monsterinsights_sitenote_category":0,"footnotes":""},"class_list":["post-692","page","type-page","status-publish","hentry"],"_links":{"self":[{"href":"https:\/\/parkingleiden.com\/de\/wp-json\/wp\/v2\/pages\/692","targetHints":{"allow":["GET"]}}],"collection":[{"href":"https:\/\/parkingleiden.com\/de\/wp-json\/wp\/v2\/pages"}],"about":[{"href":"https:\/\/parkingleiden.com\/de\/wp-json\/wp\/v2\/types\/page"}],"author":[{"embeddable":true,"href":"https:\/\/parkingleiden.com\/de\/wp-json\/wp\/v2\/users\/1"}],"replies":[{"embeddable":true,"href":"https:\/\/parkingleiden.com\/de\/wp-json\/wp\/v2\/comments?post=692"}],"version-history":[{"count":3,"href":"https:\/\/parkingleiden.com\/de\/wp-json\/wp\/v2\/pages\/692\/revisions"}],"predecessor-version":[{"id":857,"href":"https:\/\/parkingleiden.com\/de\/wp-json\/wp\/v2\/pages\/692\/revisions\/857"}],"wp:attachment":[{"href":"https:\/\/parkingleiden.com\/de\/wp-json\/wp\/v2\/media?parent=692"}],"curies":[{"name":"wp","href":"https:\/\/api.w.org\/{rel}","templated":true}]}}