{"id":676,"date":"2019-05-06T07:58:08","date_gmt":"2019-05-06T07:58:08","guid":{"rendered":"https:\/\/parkingleiden.com\/?page_id=676"},"modified":"2019-05-06T13:29:13","modified_gmt":"2019-05-06T13:29:13","slug":"leiden","status":"publish","type":"page","link":"https:\/\/parkingleiden.com\/de\/leiden\/","title":{"rendered":"Leiden"},"content":{"rendered":"<p>[et_pb_section fb_built=&#8220;1&#8243; admin_label=&#8220;Service Details&#8220; _builder_version=&#8220;3.17.6&#8243; use_background_color_gradient=&#8220;on&#8220; background_color_gradient_start=&#8220;#ffffff&#8220; background_color_gradient_end=&#8220;#f1f5f9&#8243; background_image=&#8220;https:\/\/parkingleiden.com\/wp-content\/uploads\/2018\/12\/leiden-background.png&#8220; background_position=&#8220;top_left&#8220; locked=&#8220;off&#8220;][et_pb_row custom_padding=&#8220;16px|20px|0px|20px|false|true&#8220; _builder_version=&#8220;3.17.6&#8243; background_color=&#8220;#ffffff&#8220; border_color_all=&#8220;rgba(0,0,0,0.1)&#8220; border_width_top=&#8220;1px&#8220; locked=&#8220;off&#8220;][et_pb_column type=&#8220;1_4&#8243; _builder_version=&#8220;3.9&#8243;][et_pb_image src=&#8220;https:\/\/parkingleiden.com\/wp-content\/uploads\/2018\/12\/shoppen.jpg&#8220; _builder_version=&#8220;3.17.6&#8243; custom_padding=&#8220;10px||10px||true&#8220;][\/et_pb_image][\/et_pb_column][et_pb_column type=&#8220;3_4&#8243; _builder_version=&#8220;3.9&#8243;][et_pb_text _builder_version=&#8220;3.19.13&#8243; text_font=&#8220;||||||||&#8220; text_font_size=&#8220;16px&#8220; text_line_height=&#8220;2em&#8220; link_font=&#8220;||||||||&#8220; link_text_color=&#8220;#ff5b0c&#8220; header_font=&#8220;||||||||&#8220; header_2_font=&#8220;Montserrat|700|||||||&#8220; header_2_font_size=&#8220;36px&#8220; header_2_font_size_tablet=&#8220;26px&#8220; header_2_font_size_phone=&#8220;20px&#8220; header_2_font_size_last_edited=&#8220;on|phone&#8220; header_2_line_height=&#8220;1.4em&#8220; header_4_font=&#8220;Montserrat||||||||&#8220; header_4_font_size=&#8220;16px&#8220; max_width=&#8220;700px&#8220; custom_margin=&#8220;||-23px&#8220; custom_padding=&#8220;||23px&#8220; locked=&#8220;off&#8220;]<\/p>\n<h2><strong>SHOPPING IN LEIDEN<\/strong><\/h2>\n<p><span>Leiden hat eine gem\u00fctliche Innenstadt mit einigen gr\u00f6\u00dferen Einkaufsstra\u00dfen und Dutzenden kleinen Boutiquen, Spezialgesch\u00e4ften und Nippesl\u00e4den. Wenn Sie samstags nach Leiden kommen, laufen Sie zuerst \u00fcber den gem\u00fctlichen\u00a0<\/span>Markt<span>\u00a0<\/span><span>am Nieuwe Rijn entlang.\u00a0<\/span><a href=\"https:\/\/parkingleiden.com\/de\/shopping\/\"><span style=\"color: #ff6600;\">Weiterlesen<\/span><\/a><strong><br \/> <\/strong><\/p>\n<p>[\/et_pb_text][et_pb_text _builder_version=&#8220;3.17.6&#8243; text_font=&#8220;Montserrat|700|||||||&#8220; text_text_color=&#8220;#ff5b0c&#8220; text_font_size=&#8220;20px&#8220; text_font_size_phone=&#8220;28px&#8220; text_font_size_last_edited=&#8220;off|desktop&#8220; text_line_height=&#8220;1.8em&#8220; ul_font=&#8220;||||||||&#8220; ol_font=&#8220;||||||||&#8220; header_font=&#8220;||||||||&#8220; header_2_font=&#8220;||||||||&#8220; header_3_font=&#8220;||||||||&#8220; header_4_font=&#8220;||||||||&#8220; header_5_font=&#8220;||||||||&#8220; header_6_font=&#8220;||||||||&#8220; custom_margin=&#8220;|||&#8220; locked=&#8220;off&#8220;][\/et_pb_text][\/et_pb_column][\/et_pb_row][et_pb_row custom_padding=&#8220;16px|20px|0px|20px|false|true&#8220; _builder_version=&#8220;3.17.6&#8243; background_color=&#8220;#ffffff&#8220; border_color_all=&#8220;rgba(0,0,0,0.1)&#8220; border_width_top=&#8220;1px&#8220; locked=&#8220;off&#8220;][et_pb_column type=&#8220;1_4&#8243; _builder_version=&#8220;3.9&#8243;][et_pb_image src=&#8220;https:\/\/parkingleiden.com\/wp-content\/uploads\/2018\/12\/going-out.png&#8220; _builder_version=&#8220;3.17.6&#8243; custom_padding=&#8220;10px||10px||true&#8220;][\/et_pb_image][\/et_pb_column][et_pb_column type=&#8220;3_4&#8243; _builder_version=&#8220;3.9&#8243;][et_pb_text _builder_version=&#8220;3.19.13&#8243; text_font=&#8220;||||||||&#8220; text_font_size=&#8220;16px&#8220; text_line_height=&#8220;2em&#8220; link_font=&#8220;||||||||&#8220; link_text_color=&#8220;#ff5b0c&#8220; header_font=&#8220;||||||||&#8220; header_2_font=&#8220;Montserrat|700|||||||&#8220; header_2_font_size=&#8220;36px&#8220; header_2_font_size_tablet=&#8220;26px&#8220; header_2_font_size_phone=&#8220;20px&#8220; header_2_font_size_last_edited=&#8220;on|phone&#8220; header_2_line_height=&#8220;1.4em&#8220; header_4_font=&#8220;Montserrat||||||||&#8220; header_4_font_size=&#8220;16px&#8220; max_width=&#8220;700px&#8220; custom_margin=&#8220;||-23px&#8220; custom_padding=&#8220;||23px&#8220; locked=&#8220;off&#8220;]<\/p>\n<h2><strong>AUSGEHEN IN LEIDEN<\/strong><\/h2>\n<p><span>Leiden ist eine typische Studentenstadt und das bedeutet, reichlich Ausgehm\u00f6glichkeiten auf einen Drink oder zum Tanzen. Die folgenden Kneipen, Terrassencaf\u00e9s, Clubs und Kinos m\u00fcssen Sie sich merken, wenn Sie in\u00a0<\/span>Leiden<span>\u00a0nett ausgehen m\u00f6chten.\u00a0<a href=\"https:\/\/parkingleiden.com\/de\/goingout\">Weiterlesen<\/a><\/span><\/p>\n<p>[\/et_pb_text][et_pb_text _builder_version=&#8220;3.17.6&#8243; text_font=&#8220;Montserrat|700|||||||&#8220; text_text_color=&#8220;#ff5b0c&#8220; text_font_size=&#8220;20px&#8220; text_font_size_phone=&#8220;28px&#8220; text_font_size_last_edited=&#8220;off|desktop&#8220; text_line_height=&#8220;1.8em&#8220; ul_font=&#8220;||||||||&#8220; ol_font=&#8220;||||||||&#8220; header_font=&#8220;||||||||&#8220; header_2_font=&#8220;||||||||&#8220; header_3_font=&#8220;||||||||&#8220; header_4_font=&#8220;||||||||&#8220; header_5_font=&#8220;||||||||&#8220; header_6_font=&#8220;||||||||&#8220; custom_margin=&#8220;|||&#8220; locked=&#8220;off&#8220;][\/et_pb_text][\/et_pb_column][\/et_pb_row][et_pb_row custom_padding=&#8220;16px|20px|0px|20px|false|true&#8220; _builder_version=&#8220;3.17.6&#8243; background_color=&#8220;#ffffff&#8220; border_color_all=&#8220;rgba(0,0,0,0.1)&#8220; border_width_top=&#8220;1px&#8220; locked=&#8220;off&#8220;][et_pb_column type=&#8220;1_4&#8243; _builder_version=&#8220;3.9&#8243;][et_pb_image src=&#8220;https:\/\/parkingleiden.com\/wp-content\/uploads\/2018\/12\/hotel.jpg&#8220; _builder_version=&#8220;3.17.6&#8243; custom_padding=&#8220;10px||10px||true&#8220;][\/et_pb_image][\/et_pb_column][et_pb_column type=&#8220;3_4&#8243; _builder_version=&#8220;3.9&#8243;][et_pb_text _builder_version=&#8220;3.19.13&#8243; text_font=&#8220;||||||||&#8220; text_font_size=&#8220;16px&#8220; text_line_height=&#8220;2em&#8220; link_font=&#8220;||||||||&#8220; link_text_color=&#8220;#ff5b0c&#8220; header_font=&#8220;||||||||&#8220; header_2_font=&#8220;Montserrat|700|||||||&#8220; header_2_font_size=&#8220;36px&#8220; header_2_font_size_tablet=&#8220;26px&#8220; header_2_font_size_phone=&#8220;20px&#8220; header_2_font_size_last_edited=&#8220;on|phone&#8220; header_2_line_height=&#8220;1.4em&#8220; header_4_font=&#8220;Montserrat||||||||&#8220; header_4_font_size=&#8220;16px&#8220; max_width=&#8220;700px&#8220; custom_margin=&#8220;||-23px&#8220; custom_padding=&#8220;||23px&#8220; locked=&#8220;off&#8220;]<\/p>\n<h2><strong>HOTELS IN LEIDEN<\/strong><\/h2>\n<p>Die gem\u00fctliche Universit\u00e4tsstadt Leiden bietet zahlreiche Unterk\u00fcnfte f\u00fcr jeden Geschmack und jedes Budget. Vom Luxushotel bis zum romantischen Bed &amp; Breakfast. Entdecken Sie das breite Angebot hier. <a href=\"https:\/\/parkingleiden.com\/de\/hotels\">Weiterlesen<\/a><span><\/span><\/p>\n<p>[\/et_pb_text][et_pb_text _builder_version=&#8220;3.17.6&#8243; text_font=&#8220;Montserrat|700|||||||&#8220; text_text_color=&#8220;#ff5b0c&#8220; text_font_size=&#8220;20px&#8220; text_font_size_phone=&#8220;28px&#8220; text_font_size_last_edited=&#8220;off|desktop&#8220; text_line_height=&#8220;1.8em&#8220; ul_font=&#8220;||||||||&#8220; ol_font=&#8220;||||||||&#8220; header_font=&#8220;||||||||&#8220; header_2_font=&#8220;||||||||&#8220; header_3_font=&#8220;||||||||&#8220; header_4_font=&#8220;||||||||&#8220; header_5_font=&#8220;||||||||&#8220; header_6_font=&#8220;||||||||&#8220; custom_margin=&#8220;|||&#8220; locked=&#8220;off&#8220;][\/et_pb_text][\/et_pb_column][\/et_pb_row][et_pb_row custom_padding=&#8220;16px|20px|0px|20px|false|true&#8220; _builder_version=&#8220;3.17.6&#8243; background_color=&#8220;#ffffff&#8220; border_color_all=&#8220;rgba(0,0,0,0.1)&#8220; border_width_top=&#8220;1px&#8220; locked=&#8220;off&#8220;][et_pb_column type=&#8220;1_4&#8243; _builder_version=&#8220;3.9&#8243;][et_pb_image src=&#8220;https:\/\/parkingleiden.com\/wp-content\/uploads\/2018\/12\/restaurants.jpg&#8220; _builder_version=&#8220;3.17.6&#8243; custom_padding=&#8220;10px||10px||true&#8220;][\/et_pb_image][\/et_pb_column][et_pb_column type=&#8220;3_4&#8243; _builder_version=&#8220;3.9&#8243;][et_pb_text _builder_version=&#8220;3.19.13&#8243; text_font=&#8220;||||||||&#8220; text_font_size=&#8220;16px&#8220; text_line_height=&#8220;2em&#8220; link_font=&#8220;||||||||&#8220; link_text_color=&#8220;#ff5b0c&#8220; header_font=&#8220;||||||||&#8220; header_2_font=&#8220;Montserrat|700|||||||&#8220; header_2_font_size=&#8220;36px&#8220; header_2_font_size_tablet=&#8220;26px&#8220; header_2_font_size_phone=&#8220;20px&#8220; header_2_font_size_last_edited=&#8220;on|phone&#8220; header_2_line_height=&#8220;1.4em&#8220; header_4_font=&#8220;Montserrat||||||||&#8220; header_4_font_size=&#8220;16px&#8220; max_width=&#8220;700px&#8220; custom_margin=&#8220;||-23px&#8220; custom_padding=&#8220;||23px&#8220; locked=&#8220;off&#8220;]<\/p>\n<h2><strong>RESTAURANTS IN LEIDEN<\/strong><\/h2>\n<p>Suchen Sie ein Restaurant in Leiden? Sehen Sie sich hier die sch\u00f6nsten Pl\u00e4tze der Stadt an. <a href=\"https:\/\/parkingleiden.com\/de\/restaurants\">Weiterlesen<\/a><\/p>\n<p><strong><br \/> <\/strong><\/p>\n<p>[\/et_pb_text][et_pb_text _builder_version=&#8220;3.17.6&#8243; text_font=&#8220;Montserrat|700|||||||&#8220; text_text_color=&#8220;#ff5b0c&#8220; text_font_size=&#8220;20px&#8220; text_font_size_phone=&#8220;28px&#8220; text_font_size_last_edited=&#8220;off|desktop&#8220; text_line_height=&#8220;1.8em&#8220; ul_font=&#8220;||||||||&#8220; ol_font=&#8220;||||||||&#8220; header_font=&#8220;||||||||&#8220; header_2_font=&#8220;||||||||&#8220; header_3_font=&#8220;||||||||&#8220; header_4_font=&#8220;||||||||&#8220; header_5_font=&#8220;||||||||&#8220; header_6_font=&#8220;||||||||&#8220; custom_margin=&#8220;|||&#8220; locked=&#8220;off&#8220;][\/et_pb_text][\/et_pb_column][\/et_pb_row][et_pb_row custom_padding=&#8220;16px|20px|0px|20px|false|true&#8220; _builder_version=&#8220;3.17.6&#8243; background_color=&#8220;#ffffff&#8220; border_color_all=&#8220;rgba(0,0,0,0.1)&#8220; border_width_top=&#8220;1px&#8220; locked=&#8220;off&#8220;][et_pb_column type=&#8220;1_4&#8243; _builder_version=&#8220;3.9&#8243;][et_pb_image src=&#8220;https:\/\/parkingleiden.com\/wp-content\/uploads\/2018\/12\/museum.jpg&#8220; _builder_version=&#8220;3.17.6&#8243; custom_padding=&#8220;10px||10px||true&#8220;][\/et_pb_image][\/et_pb_column][et_pb_column type=&#8220;3_4&#8243; _builder_version=&#8220;3.9&#8243;][et_pb_text _builder_version=&#8220;3.19.13&#8243; text_font=&#8220;||||||||&#8220; text_font_size=&#8220;16px&#8220; text_line_height=&#8220;2em&#8220; link_font=&#8220;||||||||&#8220; link_text_color=&#8220;#ff5b0c&#8220; header_font=&#8220;||||||||&#8220; header_2_font=&#8220;Montserrat|700|||||||&#8220; header_2_font_size=&#8220;36px&#8220; header_2_font_size_tablet=&#8220;26px&#8220; header_2_font_size_phone=&#8220;20px&#8220; header_2_font_size_last_edited=&#8220;on|phone&#8220; header_2_line_height=&#8220;1.4em&#8220; header_4_font=&#8220;Montserrat||||||||&#8220; header_4_font_size=&#8220;16px&#8220; max_width=&#8220;700px&#8220; custom_margin=&#8220;||-23px&#8220; custom_padding=&#8220;||23px&#8220; locked=&#8220;off&#8220;]<\/p>\n<h2><strong>MUSEEN IN LEIDEN<\/strong><\/h2>\n<p>Es gibt viel Kultur in Leiden. Sehen Sie sich das gesamte Angebot an Museen an und lassen Sie sich von der Vielfalt der Museen in Leiden \u00fcberraschen. <a href=\"https:\/\/parkingleiden.com\/de\/museums\">Weiterlesen<\/a><\/p>\n<p>[\/et_pb_text][et_pb_text _builder_version=&#8220;3.17.6&#8243; text_font=&#8220;Montserrat|700|||||||&#8220; text_text_color=&#8220;#ff5b0c&#8220; text_font_size=&#8220;20px&#8220; text_font_size_phone=&#8220;28px&#8220; text_font_size_last_edited=&#8220;off|desktop&#8220; text_line_height=&#8220;1.8em&#8220; ul_font=&#8220;||||||||&#8220; ol_font=&#8220;||||||||&#8220; header_font=&#8220;||||||||&#8220; header_2_font=&#8220;||||||||&#8220; header_3_font=&#8220;||||||||&#8220; header_4_font=&#8220;||||||||&#8220; header_5_font=&#8220;||||||||&#8220; header_6_font=&#8220;||||||||&#8220; custom_margin=&#8220;|||&#8220; locked=&#8220;off&#8220;][\/et_pb_text][\/et_pb_column][\/et_pb_row][et_pb_row custom_padding=&#8220;16px|20px|0px|20px|false|true&#8220; _builder_version=&#8220;3.17.6&#8243; background_color=&#8220;#ffffff&#8220; border_color_all=&#8220;rgba(0,0,0,0.1)&#8220; border_width_top=&#8220;1px&#8220; locked=&#8220;off&#8220;][et_pb_column type=&#8220;1_4&#8243; _builder_version=&#8220;3.9&#8243;][et_pb_image src=&#8220;https:\/\/parkingleiden.com\/wp-content\/uploads\/2018\/12\/sights.jpg&#8220; _builder_version=&#8220;3.17.6&#8243; custom_padding=&#8220;10px||10px||true&#8220;][\/et_pb_image][\/et_pb_column][et_pb_column type=&#8220;3_4&#8243; _builder_version=&#8220;3.9&#8243;][et_pb_text _builder_version=&#8220;3.19.13&#8243; text_font=&#8220;||||||||&#8220; text_font_size=&#8220;16px&#8220; text_line_height=&#8220;2em&#8220; link_font=&#8220;||||||||&#8220; link_text_color=&#8220;#ff5b0c&#8220; header_font=&#8220;||||||||&#8220; header_2_font=&#8220;Montserrat|700|||||||&#8220; header_2_font_size=&#8220;36px&#8220; header_2_font_size_tablet=&#8220;26px&#8220; header_2_font_size_phone=&#8220;20px&#8220; header_2_font_size_last_edited=&#8220;on|phone&#8220; header_2_line_height=&#8220;1.4em&#8220; header_4_font=&#8220;Montserrat||||||||&#8220; header_4_font_size=&#8220;16px&#8220; max_width=&#8220;700px&#8220; custom_margin=&#8220;||-23px&#8220; custom_padding=&#8220;||23px&#8220; locked=&#8220;off&#8220;]<\/p>\n<h2><strong>SEHENSW\u00dcRDIGKEITEN IN LEIDEN<\/strong><\/h2>\n<p>Die sch\u00f6nste Stra\u00dfe der Welt war jemals in Leiden. Sehen Sie hier den Gesamt\u00fcberblick \u00fcber au\u00dfergew\u00f6hnliche Architektur in Leiden. <a href=\"https:\/\/parkingleiden.com\/de\/sights\">Weiterlesen<\/a><\/p>\n<p>[\/et_pb_text][et_pb_text _builder_version=&#8220;3.17.6&#8243; text_font=&#8220;Montserrat|700|||||||&#8220; text_text_color=&#8220;#ff5b0c&#8220; text_font_size=&#8220;20px&#8220; text_font_size_phone=&#8220;28px&#8220; text_font_size_last_edited=&#8220;off|desktop&#8220; text_line_height=&#8220;1.8em&#8220; ul_font=&#8220;||||||||&#8220; ol_font=&#8220;||||||||&#8220; header_font=&#8220;||||||||&#8220; header_2_font=&#8220;||||||||&#8220; header_3_font=&#8220;||||||||&#8220; header_4_font=&#8220;||||||||&#8220; header_5_font=&#8220;||||||||&#8220; header_6_font=&#8220;||||||||&#8220; custom_margin=&#8220;|||&#8220; locked=&#8220;off&#8220;][\/et_pb_text][\/et_pb_column][\/et_pb_row][et_pb_row custom_padding=&#8220;16px|20px|0px|20px|false|true&#8220; _builder_version=&#8220;3.17.6&#8243; background_color=&#8220;#ffffff&#8220; border_color_all=&#8220;rgba(0,0,0,0.1)&#8220; border_width_top=&#8220;1px&#8220; locked=&#8220;off&#8220;][et_pb_column type=&#8220;1_4&#8243; _builder_version=&#8220;3.9&#8243;][et_pb_image src=&#8220;https:\/\/parkingleiden.com\/wp-content\/uploads\/2018\/12\/cycling.jpg&#8220; _builder_version=&#8220;3.17.6&#8243; custom_padding=&#8220;10px||10px||true&#8220;][\/et_pb_image][\/et_pb_column][et_pb_column type=&#8220;3_4&#8243; _builder_version=&#8220;3.9&#8243;][et_pb_text _builder_version=&#8220;3.19.13&#8243; text_font=&#8220;||||||||&#8220; text_font_size=&#8220;16px&#8220; text_line_height=&#8220;2em&#8220; link_font=&#8220;||||||||&#8220; link_text_color=&#8220;#ff5b0c&#8220; header_font=&#8220;||||||||&#8220; header_2_font=&#8220;Montserrat|700|||||||&#8220; header_2_font_size=&#8220;36px&#8220; header_2_font_size_tablet=&#8220;26px&#8220; header_2_font_size_phone=&#8220;20px&#8220; header_2_font_size_last_edited=&#8220;on|phone&#8220; header_2_line_height=&#8220;1.4em&#8220; header_4_font=&#8220;Montserrat||||||||&#8220; header_4_font_size=&#8220;16px&#8220; max_width=&#8220;700px&#8220; custom_margin=&#8220;||-23px&#8220; custom_padding=&#8220;||23px&#8220; locked=&#8220;off&#8220;]<\/p>\n<h2><strong>RADFAHREN IN LEIDEN<\/strong><\/h2>\n<p>Fahren Sie mit dem Fahrrad in weniger als einer Stunde zum Strand oder zum Bollenstreek. Sie k\u00f6nnen sich mit diesen Fahrradrouten nicht verirren. <a href=\"https:\/\/parkingleiden.com\/de\/cycling\">Weiterlesen<\/a><\/p>\n<p>[\/et_pb_text][et_pb_text _builder_version=&#8220;3.19.13&#8243; text_font=&#8220;Montserrat|700|||||||&#8220; text_text_color=&#8220;#ff5b0c&#8220; text_font_size=&#8220;20px&#8220; text_font_size_phone=&#8220;28px&#8220; text_font_size_last_edited=&#8220;off|desktop&#8220; text_line_height=&#8220;1.8em&#8220; ul_font=&#8220;||||||||&#8220; ol_font=&#8220;||||||||&#8220; header_font=&#8220;||||||||&#8220; header_2_font=&#8220;||||||||&#8220; header_3_font=&#8220;||||||||&#8220; header_4_font=&#8220;||||||||&#8220; header_5_font=&#8220;||||||||&#8220; header_6_font=&#8220;||||||||&#8220; custom_margin=&#8220;|||&#8220; locked=&#8220;off&#8220;][\/et_pb_text][\/et_pb_column][\/et_pb_row][et_pb_row custom_padding=&#8220;16px|20px|0px|20px|false|true&#8220; _builder_version=&#8220;3.17.6&#8243; background_color=&#8220;#ffffff&#8220; border_color_all=&#8220;rgba(0,0,0,0.1)&#8220; border_width_top=&#8220;1px&#8220; locked=&#8220;off&#8220;][et_pb_column type=&#8220;1_4&#8243; _builder_version=&#8220;3.9&#8243;][et_pb_image src=&#8220;https:\/\/parkingleiden.com\/wp-content\/uploads\/2018\/12\/walking.jpg&#8220; _builder_version=&#8220;3.17.6&#8243; custom_padding=&#8220;10px||10px||true&#8220;][\/et_pb_image][\/et_pb_column][et_pb_column type=&#8220;3_4&#8243; _builder_version=&#8220;3.9&#8243;][et_pb_text _builder_version=&#8220;3.19.13&#8243; text_font=&#8220;||||||||&#8220; text_font_size=&#8220;16px&#8220; text_line_height=&#8220;2em&#8220; link_font=&#8220;||||||||&#8220; link_text_color=&#8220;#ff5b0c&#8220; header_font=&#8220;||||||||&#8220; header_2_font=&#8220;Montserrat|700|||||||&#8220; header_2_font_size=&#8220;36px&#8220; header_2_font_size_tablet=&#8220;26px&#8220; header_2_font_size_phone=&#8220;20px&#8220; header_2_font_size_last_edited=&#8220;on|phone&#8220; header_2_line_height=&#8220;1.4em&#8220; header_4_font=&#8220;Montserrat||||||||&#8220; header_4_font_size=&#8220;16px&#8220; max_width=&#8220;700px&#8220; custom_margin=&#8220;||-23px&#8220; custom_padding=&#8220;||23px&#8220; locked=&#8220;off&#8220;]<\/p>\n<h2><strong>GEHEN IN LEIDEN<\/strong><\/h2>\n<p>Einkaufen in Leiden ist ein Genuss. Lesen Sie alles \u00fcber die gro\u00dfartigen Einkaufsstra\u00dfen von Leiden und die sch\u00f6nsten Viertel. <a href=\"https:\/\/parkingleiden.com\/de\/walking\">Weiterlesen<\/a><\/p>\n<p>[\/et_pb_text][et_pb_text _builder_version=&#8220;3.17.6&#8243; text_font=&#8220;Montserrat|700|||||||&#8220; text_text_color=&#8220;#ff5b0c&#8220; text_font_size=&#8220;20px&#8220; text_font_size_phone=&#8220;28px&#8220; text_font_size_last_edited=&#8220;off|desktop&#8220; text_line_height=&#8220;1.8em&#8220; ul_font=&#8220;||||||||&#8220; ol_font=&#8220;||||||||&#8220; header_font=&#8220;||||||||&#8220; header_2_font=&#8220;||||||||&#8220; header_3_font=&#8220;||||||||&#8220; header_4_font=&#8220;||||||||&#8220; header_5_font=&#8220;||||||||&#8220; header_6_font=&#8220;||||||||&#8220; custom_margin=&#8220;|||&#8220; locked=&#8220;off&#8220;][\/et_pb_text][\/et_pb_column][\/et_pb_row][\/et_pb_section]<\/p>\n","protected":false},"excerpt":{"rendered":"<p>SHOPPING IN LEIDEN Leiden hat eine gem\u00fctliche Innenstadt mit einigen gr\u00f6\u00dferen Einkaufsstra\u00dfen und Dutzenden kleinen Boutiquen, Spezialgesch\u00e4ften und Nippesl\u00e4den. Wenn Sie samstags nach Leiden kommen, laufen Sie zuerst \u00fcber den gem\u00fctlichen\u00a0Markt\u00a0am Nieuwe Rijn entlang.\u00a0Weiterlesen AUSGEHEN IN LEIDEN Leiden ist eine typische Studentenstadt und das bedeutet, reichlich Ausgehm\u00f6glichkeiten auf einen Drink oder zum Tanzen. Die folgenden [&hellip;]<\/p>\n","protected":false},"author":1,"featured_media":0,"parent":0,"menu_order":0,"comment_status":"closed","ping_status":"closed","template":"","meta":{"_et_pb_use_builder":"on","_et_pb_old_content":"","_et_gb_content_width":"","_monsterinsights_skip_tracking":false,"_monsterinsights_sitenote_active":false,"_monsterinsights_sitenote_note":"","_monsterinsights_sitenote_category":0,"footnotes":""},"class_list":["post-676","page","type-page","status-publish","hentry"],"_links":{"self":[{"href":"https:\/\/parkingleiden.com\/de\/wp-json\/wp\/v2\/pages\/676","targetHints":{"allow":["GET"]}}],"collection":[{"href":"https:\/\/parkingleiden.com\/de\/wp-json\/wp\/v2\/pages"}],"about":[{"href":"https:\/\/parkingleiden.com\/de\/wp-json\/wp\/v2\/types\/page"}],"author":[{"embeddable":true,"href":"https:\/\/parkingleiden.com\/de\/wp-json\/wp\/v2\/users\/1"}],"replies":[{"embeddable":true,"href":"https:\/\/parkingleiden.com\/de\/wp-json\/wp\/v2\/comments?post=676"}],"version-history":[{"count":3,"href":"https:\/\/parkingleiden.com\/de\/wp-json\/wp\/v2\/pages\/676\/revisions"}],"predecessor-version":[{"id":840,"href":"https:\/\/parkingleiden.com\/de\/wp-json\/wp\/v2\/pages\/676\/revisions\/840"}],"wp:attachment":[{"href":"https:\/\/parkingleiden.com\/de\/wp-json\/wp\/v2\/media?parent=676"}],"curies":[{"name":"wp","href":"https:\/\/api.w.org\/{rel}","templated":true}]}}